{"id":70924,"date":"2022-12-02T13:27:38","date_gmt":"2022-12-02T12:27:38","guid":{"rendered":"https:\/\/ddgro.eu\/plots-de-terrasse-resistants-au-feu-pour-dalles-de-terrasse\/"},"modified":"2024-01-11T15:01:06","modified_gmt":"2024-01-11T14:01:06","slug":"resistance-a1-metalliques-plots-autonivelants-pour-dalles-ceramiques","status":"publish","type":"page","link":"https:\/\/ddgro.eu\/fr\/resistance-a1-metalliques-plots-autonivelants-pour-dalles-ceramiques\/","title":{"rendered":"Plots de terrasse r\u00e9sistants au feu pour dalles de terrasse"},"content":{"rendered":"","protected":false},"excerpt":{"rendered":"","protected":false},"author":26,"featured_media":0,"parent":0,"menu_order":0,"comment_status":"closed","ping_status":"closed","template":"","meta":{"_acf_changed":false,"footnotes":""},"folder":[],"acf":[],"yoast_head":"<!-- This site is optimized with the Yoast SEO plugin v22.2 - https:\/\/yoast.com\/wordpress\/plugins\/seo\/ -->\n<title>ALU Plots de terrasse r\u00e9sistants au feu \u2022\u2022 DD Group<\/title>\n<meta name=\"description\" content=\"ALU Aluminium plots de terrasse r\u00e9sistants au feu EUROCLASS A1 avec t\u00eate autonivelante et r\u00e9glage de la hauteur de 40 \u00e0 200 mm \u2022\u2022\u2022 DD Group\" \/>\n<meta name=\"robots\" content=\"index, follow, max-snippet:-1, max-image-preview:large, max-video-preview:-1\" \/>\n<link rel=\"canonical\" href=\"https:\/\/ddgro.eu\/fr\/resistance-a1-metalliques-plots-autonivelants-pour-dalles-ceramiques\/\" \/>\n<meta property=\"og:locale\" content=\"fr_FR\" \/>\n<meta property=\"og:type\" content=\"article\" \/>\n<meta property=\"og:title\" content=\"ALU Plots de terrasse r\u00e9sistants au feu \u2022\u2022 DD Group\" \/>\n<meta property=\"og:description\" content=\"ALU Aluminium plots de terrasse r\u00e9sistants au feu EUROCLASS A1 avec t\u00eate autonivelante et r\u00e9glage de la hauteur de 40 \u00e0 200 mm \u2022\u2022\u2022 DD Group\" \/>\n<meta property=\"og:url\" content=\"https:\/\/ddgro.eu\/fr\/resistance-a1-metalliques-plots-autonivelants-pour-dalles-ceramiques\/\" \/>\n<meta property=\"og:site_name\" content=\"DD GROUP\" \/>\n<meta property=\"article:publisher\" content=\"https:\/\/www.facebook.com\/ddpedestals\" \/>\n<meta property=\"article:modified_time\" content=\"2024-01-11T14:01:06+00:00\" \/>\n<script type=\"application\/ld+json\" class=\"yoast-schema-graph\">{\"@context\":\"https:\/\/schema.org\",\"@graph\":[{\"@type\":\"WebPage\",\"@id\":\"https:\/\/ddgro.eu\/fr\/resistance-a1-metalliques-plots-autonivelants-pour-dalles-ceramiques\/\",\"url\":\"https:\/\/ddgro.eu\/fr\/resistance-a1-metalliques-plots-autonivelants-pour-dalles-ceramiques\/\",\"name\":\"ALU Plots de terrasse r\u00e9sistants au feu \u2022\u2022 DD Group\",\"isPartOf\":{\"@id\":\"https:\/\/ddgro.eu\/fr\/#website\"},\"datePublished\":\"2022-12-02T12:27:38+00:00\",\"dateModified\":\"2024-01-11T14:01:06+00:00\",\"description\":\"ALU Aluminium plots de terrasse r\u00e9sistants au feu EUROCLASS A1 avec t\u00eate autonivelante et r\u00e9glage de la hauteur de 40 \u00e0 200 mm \u2022\u2022\u2022 DD Group\",\"breadcrumb\":{\"@id\":\"https:\/\/ddgro.eu\/fr\/resistance-a1-metalliques-plots-autonivelants-pour-dalles-ceramiques\/#breadcrumb\"},\"inLanguage\":\"fr-FR\",\"potentialAction\":[{\"@type\":\"ReadAction\",\"target\":[\"https:\/\/ddgro.eu\/fr\/resistance-a1-metalliques-plots-autonivelants-pour-dalles-ceramiques\/\"]}]},{\"@type\":\"BreadcrumbList\",\"@id\":\"https:\/\/ddgro.eu\/fr\/resistance-a1-metalliques-plots-autonivelants-pour-dalles-ceramiques\/#breadcrumb\",\"itemListElement\":[{\"@type\":\"ListItem\",\"position\":1,\"name\":\"Page d'accueil\",\"item\":\"https:\/\/ddgro.eu\/fr\/\"},{\"@type\":\"ListItem\",\"position\":2,\"name\":\"Plots de terrasse r\u00e9sistants au feu pour dalles de terrasse\"}]},{\"@type\":\"WebSite\",\"@id\":\"https:\/\/ddgro.eu\/fr\/#website\",\"url\":\"https:\/\/ddgro.eu\/fr\/\",\"name\":\"DD GROUP\",\"description\":\"\",\"publisher\":{\"@id\":\"https:\/\/ddgro.eu\/fr\/#organization\"},\"potentialAction\":[{\"@type\":\"SearchAction\",\"target\":{\"@type\":\"EntryPoint\",\"urlTemplate\":\"https:\/\/ddgro.eu\/fr\/?s={search_term_string}\"},\"query-input\":\"required name=search_term_string\"}],\"inLanguage\":\"fr-FR\"},{\"@type\":\"Organization\",\"@id\":\"https:\/\/ddgro.eu\/fr\/#organization\",\"name\":\"Deck-Dry Polska sp. z o.o.\",\"url\":\"https:\/\/ddgro.eu\/fr\/\",\"logo\":{\"@type\":\"ImageObject\",\"inLanguage\":\"fr-FR\",\"@id\":\"https:\/\/ddgro.eu\/fr\/#\/schema\/logo\/image\/\",\"url\":\"https:\/\/ddgro.eu\/wp-content\/uploads\/2018\/05\/logo-nowe-dd.png\",\"contentUrl\":\"https:\/\/ddgro.eu\/wp-content\/uploads\/2018\/05\/logo-nowe-dd.png\",\"width\":\"343\",\"height\":\"72\",\"caption\":\"Deck-Dry Polska sp. z o.o.\"},\"image\":{\"@id\":\"https:\/\/ddgro.eu\/fr\/#\/schema\/logo\/image\/\"},\"sameAs\":[\"https:\/\/www.facebook.com\/ddpedestals\",\"https:\/\/www.linkedin.com\/company\/dd-pedestals\/\",\"https:\/\/www.instagram.com\/ddpedestals\/\"]}]}<\/script>\n<!-- \/ Yoast SEO plugin. -->","yoast_head_json":{"title":"ALU Plots de terrasse r\u00e9sistants au feu \u2022\u2022 DD Group","description":"ALU Aluminium plots de terrasse r\u00e9sistants au feu EUROCLASS A1 avec t\u00eate autonivelante et r\u00e9glage de la hauteur de 40 \u00e0 200 mm \u2022\u2022\u2022 DD Group","robots":{"index":"index","follow":"follow","max-snippet":"max-snippet:-1","max-image-preview":"max-image-preview:large","max-video-preview":"max-video-preview:-1"},"canonical":"https:\/\/ddgro.eu\/fr\/resistance-a1-metalliques-plots-autonivelants-pour-dalles-ceramiques\/","og_locale":"fr_FR","og_type":"article","og_title":"ALU Plots de terrasse r\u00e9sistants au feu \u2022\u2022 DD Group","og_description":"ALU Aluminium plots de terrasse r\u00e9sistants au feu EUROCLASS A1 avec t\u00eate autonivelante et r\u00e9glage de la hauteur de 40 \u00e0 200 mm \u2022\u2022\u2022 DD Group","og_url":"https:\/\/ddgro.eu\/fr\/resistance-a1-metalliques-plots-autonivelants-pour-dalles-ceramiques\/","og_site_name":"DD GROUP","article_publisher":"https:\/\/www.facebook.com\/ddpedestals","article_modified_time":"2024-01-11T14:01:06+00:00","schema":{"@context":"https:\/\/schema.org","@graph":[{"@type":"WebPage","@id":"https:\/\/ddgro.eu\/fr\/resistance-a1-metalliques-plots-autonivelants-pour-dalles-ceramiques\/","url":"https:\/\/ddgro.eu\/fr\/resistance-a1-metalliques-plots-autonivelants-pour-dalles-ceramiques\/","name":"ALU Plots de terrasse r\u00e9sistants au feu \u2022\u2022 DD Group","isPartOf":{"@id":"https:\/\/ddgro.eu\/fr\/#website"},"datePublished":"2022-12-02T12:27:38+00:00","dateModified":"2024-01-11T14:01:06+00:00","description":"ALU Aluminium plots de terrasse r\u00e9sistants au feu EUROCLASS A1 avec t\u00eate autonivelante et r\u00e9glage de la hauteur de 40 \u00e0 200 mm \u2022\u2022\u2022 DD Group","breadcrumb":{"@id":"https:\/\/ddgro.eu\/fr\/resistance-a1-metalliques-plots-autonivelants-pour-dalles-ceramiques\/#breadcrumb"},"inLanguage":"fr-FR","potentialAction":[{"@type":"ReadAction","target":["https:\/\/ddgro.eu\/fr\/resistance-a1-metalliques-plots-autonivelants-pour-dalles-ceramiques\/"]}]},{"@type":"BreadcrumbList","@id":"https:\/\/ddgro.eu\/fr\/resistance-a1-metalliques-plots-autonivelants-pour-dalles-ceramiques\/#breadcrumb","itemListElement":[{"@type":"ListItem","position":1,"name":"Page d'accueil","item":"https:\/\/ddgro.eu\/fr\/"},{"@type":"ListItem","position":2,"name":"Plots de terrasse r\u00e9sistants au feu pour dalles de terrasse"}]},{"@type":"WebSite","@id":"https:\/\/ddgro.eu\/fr\/#website","url":"https:\/\/ddgro.eu\/fr\/","name":"DD GROUP","description":"","publisher":{"@id":"https:\/\/ddgro.eu\/fr\/#organization"},"potentialAction":[{"@type":"SearchAction","target":{"@type":"EntryPoint","urlTemplate":"https:\/\/ddgro.eu\/fr\/?s={search_term_string}"},"query-input":"required name=search_term_string"}],"inLanguage":"fr-FR"},{"@type":"Organization","@id":"https:\/\/ddgro.eu\/fr\/#organization","name":"Deck-Dry Polska sp. z o.o.","url":"https:\/\/ddgro.eu\/fr\/","logo":{"@type":"ImageObject","inLanguage":"fr-FR","@id":"https:\/\/ddgro.eu\/fr\/#\/schema\/logo\/image\/","url":"https:\/\/ddgro.eu\/wp-content\/uploads\/2018\/05\/logo-nowe-dd.png","contentUrl":"https:\/\/ddgro.eu\/wp-content\/uploads\/2018\/05\/logo-nowe-dd.png","width":"343","height":"72","caption":"Deck-Dry Polska sp. z o.o."},"image":{"@id":"https:\/\/ddgro.eu\/fr\/#\/schema\/logo\/image\/"},"sameAs":["https:\/\/www.facebook.com\/ddpedestals","https:\/\/www.linkedin.com\/company\/dd-pedestals\/","https:\/\/www.instagram.com\/ddpedestals\/"]}]}},"_links":{"self":[{"href":"https:\/\/ddgro.eu\/fr\/wp-json\/wp\/v2\/pages\/70924"}],"collection":[{"href":"https:\/\/ddgro.eu\/fr\/wp-json\/wp\/v2\/pages"}],"about":[{"href":"https:\/\/ddgro.eu\/fr\/wp-json\/wp\/v2\/types\/page"}],"author":[{"embeddable":true,"href":"https:\/\/ddgro.eu\/fr\/wp-json\/wp\/v2\/users\/26"}],"replies":[{"embeddable":true,"href":"https:\/\/ddgro.eu\/fr\/wp-json\/wp\/v2\/comments?post=70924"}],"version-history":[{"count":1,"href":"https:\/\/ddgro.eu\/fr\/wp-json\/wp\/v2\/pages\/70924\/revisions"}],"predecessor-version":[{"id":114093,"href":"https:\/\/ddgro.eu\/fr\/wp-json\/wp\/v2\/pages\/70924\/revisions\/114093"}],"wp:attachment":[{"href":"https:\/\/ddgro.eu\/fr\/wp-json\/wp\/v2\/media?parent=70924"}],"wp:term":[{"taxonomy":"folder","embeddable":true,"href":"https:\/\/ddgro.eu\/fr\/wp-json\/wp\/v2\/folder?post=70924"}],"curies":[{"name":"wp","href":"https:\/\/api.w.org\/{rel}","templated":true}]}}