{"id":67596,"date":"2021-11-29T11:44:31","date_gmt":"2021-11-29T10:44:31","guid":{"rendered":"https:\/\/ddgro.eu\/?page_id=67596"},"modified":"2024-04-08T14:03:54","modified_gmt":"2024-04-08T12:03:54","slug":"bordures-de-jardin","status":"publish","type":"page","link":"https:\/\/ddgro.eu\/fr\/bordures-de-jardin\/","title":{"rendered":"Bordures de jardin"},"content":{"rendered":"","protected":false},"excerpt":{"rendered":"","protected":false},"author":19,"featured_media":93787,"parent":0,"menu_order":0,"comment_status":"closed","ping_status":"closed","template":"","meta":{"_acf_changed":false,"footnotes":""},"folder":[],"acf":[],"yoast_head":"<!-- This site is optimized with the Yoast SEO plugin v22.2 - https:\/\/yoast.com\/wordpress\/plugins\/seo\/ -->\n<title>Bordures de jardin \u2022\u2022\u2022 DD Group<\/title>\n<meta name=\"description\" content=\"Bords de pelouse avec installation facile et diff\u00e9rentes finitions possibles. Peuvent \u00eatre plac\u00e9es en ligne droite \u2022\u2022\u2022 DD Group\" \/>\n<meta name=\"robots\" content=\"index, follow, max-snippet:-1, max-image-preview:large, max-video-preview:-1\" \/>\n<link rel=\"canonical\" href=\"https:\/\/ddgro.eu\/fr\/bordures-de-jardin\/\" \/>\n<meta property=\"og:locale\" content=\"fr_FR\" \/>\n<meta property=\"og:type\" content=\"article\" \/>\n<meta property=\"og:title\" content=\"Bordures de jardin \u2022\u2022\u2022 DD Group\" \/>\n<meta property=\"og:description\" content=\"Bords de pelouse avec installation facile et diff\u00e9rentes finitions possibles. Peuvent \u00eatre plac\u00e9es en ligne droite \u2022\u2022\u2022 DD Group\" \/>\n<meta property=\"og:url\" content=\"https:\/\/ddgro.eu\/fr\/bordures-de-jardin\/\" \/>\n<meta property=\"og:site_name\" content=\"DD GROUP\" \/>\n<meta property=\"article:publisher\" content=\"https:\/\/www.facebook.com\/ddpedestals\" \/>\n<meta property=\"article:modified_time\" content=\"2024-04-08T12:03:54+00:00\" \/>\n<meta property=\"og:image\" content=\"https:\/\/ddgro.eu\/wp-content\/uploads\/2023\/08\/OT-obrzeze-trawnikowe-rozne-ksztalty-czarne.jpg\" \/>\n\t<meta property=\"og:image:width\" content=\"500\" \/>\n\t<meta property=\"og:image:height\" content=\"350\" \/>\n\t<meta property=\"og:image:type\" content=\"image\/jpeg\" \/>\n<script type=\"application\/ld+json\" class=\"yoast-schema-graph\">{\"@context\":\"https:\/\/schema.org\",\"@graph\":[{\"@type\":\"WebPage\",\"@id\":\"https:\/\/ddgro.eu\/fr\/bordures-de-jardin\/\",\"url\":\"https:\/\/ddgro.eu\/fr\/bordures-de-jardin\/\",\"name\":\"Bordures de jardin \u2022\u2022\u2022 DD Group\",\"isPartOf\":{\"@id\":\"https:\/\/ddgro.eu\/fr\/#website\"},\"primaryImageOfPage\":{\"@id\":\"https:\/\/ddgro.eu\/fr\/bordures-de-jardin\/#primaryimage\"},\"image\":{\"@id\":\"https:\/\/ddgro.eu\/fr\/bordures-de-jardin\/#primaryimage\"},\"thumbnailUrl\":\"https:\/\/ddgro.eu\/wp-content\/uploads\/2023\/08\/OT-obrzeze-trawnikowe-rozne-ksztalty-czarne.jpg\",\"datePublished\":\"2021-11-29T10:44:31+00:00\",\"dateModified\":\"2024-04-08T12:03:54+00:00\",\"description\":\"Bords de pelouse avec installation facile et diff\u00e9rentes finitions possibles. Peuvent \u00eatre plac\u00e9es en ligne droite \u2022\u2022\u2022 DD Group\",\"breadcrumb\":{\"@id\":\"https:\/\/ddgro.eu\/fr\/bordures-de-jardin\/#breadcrumb\"},\"inLanguage\":\"fr-FR\",\"potentialAction\":[{\"@type\":\"ReadAction\",\"target\":[\"https:\/\/ddgro.eu\/fr\/bordures-de-jardin\/\"]}]},{\"@type\":\"ImageObject\",\"inLanguage\":\"fr-FR\",\"@id\":\"https:\/\/ddgro.eu\/fr\/bordures-de-jardin\/#primaryimage\",\"url\":\"https:\/\/ddgro.eu\/wp-content\/uploads\/2023\/08\/OT-obrzeze-trawnikowe-rozne-ksztalty-czarne.jpg\",\"contentUrl\":\"https:\/\/ddgro.eu\/wp-content\/uploads\/2023\/08\/OT-obrzeze-trawnikowe-rozne-ksztalty-czarne.jpg\",\"width\":500,\"height\":350,\"caption\":\"OT-obrzeze-trawnikowe-rozne-ksztalty-czarne\"},{\"@type\":\"BreadcrumbList\",\"@id\":\"https:\/\/ddgro.eu\/fr\/bordures-de-jardin\/#breadcrumb\",\"itemListElement\":[{\"@type\":\"ListItem\",\"position\":1,\"name\":\"Page d'accueil\",\"item\":\"https:\/\/ddgro.eu\/fr\/\"},{\"@type\":\"ListItem\",\"position\":2,\"name\":\"Bordures de jardin\"}]},{\"@type\":\"WebSite\",\"@id\":\"https:\/\/ddgro.eu\/fr\/#website\",\"url\":\"https:\/\/ddgro.eu\/fr\/\",\"name\":\"DD GROUP\",\"description\":\"\",\"publisher\":{\"@id\":\"https:\/\/ddgro.eu\/fr\/#organization\"},\"potentialAction\":[{\"@type\":\"SearchAction\",\"target\":{\"@type\":\"EntryPoint\",\"urlTemplate\":\"https:\/\/ddgro.eu\/fr\/?s={search_term_string}\"},\"query-input\":\"required name=search_term_string\"}],\"inLanguage\":\"fr-FR\"},{\"@type\":\"Organization\",\"@id\":\"https:\/\/ddgro.eu\/fr\/#organization\",\"name\":\"Deck-Dry Polska sp. z o.o.\",\"url\":\"https:\/\/ddgro.eu\/fr\/\",\"logo\":{\"@type\":\"ImageObject\",\"inLanguage\":\"fr-FR\",\"@id\":\"https:\/\/ddgro.eu\/fr\/#\/schema\/logo\/image\/\",\"url\":\"https:\/\/ddgro.eu\/wp-content\/uploads\/2018\/05\/logo-nowe-dd.png\",\"contentUrl\":\"https:\/\/ddgro.eu\/wp-content\/uploads\/2018\/05\/logo-nowe-dd.png\",\"width\":\"343\",\"height\":\"72\",\"caption\":\"Deck-Dry Polska sp. z o.o.\"},\"image\":{\"@id\":\"https:\/\/ddgro.eu\/fr\/#\/schema\/logo\/image\/\"},\"sameAs\":[\"https:\/\/www.facebook.com\/ddpedestals\",\"https:\/\/www.linkedin.com\/company\/dd-pedestals\/\",\"https:\/\/www.instagram.com\/ddpedestals\/\"]}]}<\/script>\n<!-- \/ Yoast SEO plugin. -->","yoast_head_json":{"title":"Bordures de jardin \u2022\u2022\u2022 DD Group","description":"Bords de pelouse avec installation facile et diff\u00e9rentes finitions possibles. Peuvent \u00eatre plac\u00e9es en ligne droite \u2022\u2022\u2022 DD Group","robots":{"index":"index","follow":"follow","max-snippet":"max-snippet:-1","max-image-preview":"max-image-preview:large","max-video-preview":"max-video-preview:-1"},"canonical":"https:\/\/ddgro.eu\/fr\/bordures-de-jardin\/","og_locale":"fr_FR","og_type":"article","og_title":"Bordures de jardin \u2022\u2022\u2022 DD Group","og_description":"Bords de pelouse avec installation facile et diff\u00e9rentes finitions possibles. Peuvent \u00eatre plac\u00e9es en ligne droite \u2022\u2022\u2022 DD Group","og_url":"https:\/\/ddgro.eu\/fr\/bordures-de-jardin\/","og_site_name":"DD GROUP","article_publisher":"https:\/\/www.facebook.com\/ddpedestals","article_modified_time":"2024-04-08T12:03:54+00:00","og_image":[{"width":500,"height":350,"url":"https:\/\/ddgro.eu\/wp-content\/uploads\/2023\/08\/OT-obrzeze-trawnikowe-rozne-ksztalty-czarne.jpg","type":"image\/jpeg"}],"schema":{"@context":"https:\/\/schema.org","@graph":[{"@type":"WebPage","@id":"https:\/\/ddgro.eu\/fr\/bordures-de-jardin\/","url":"https:\/\/ddgro.eu\/fr\/bordures-de-jardin\/","name":"Bordures de jardin \u2022\u2022\u2022 DD Group","isPartOf":{"@id":"https:\/\/ddgro.eu\/fr\/#website"},"primaryImageOfPage":{"@id":"https:\/\/ddgro.eu\/fr\/bordures-de-jardin\/#primaryimage"},"image":{"@id":"https:\/\/ddgro.eu\/fr\/bordures-de-jardin\/#primaryimage"},"thumbnailUrl":"https:\/\/ddgro.eu\/wp-content\/uploads\/2023\/08\/OT-obrzeze-trawnikowe-rozne-ksztalty-czarne.jpg","datePublished":"2021-11-29T10:44:31+00:00","dateModified":"2024-04-08T12:03:54+00:00","description":"Bords de pelouse avec installation facile et diff\u00e9rentes finitions possibles. Peuvent \u00eatre plac\u00e9es en ligne droite \u2022\u2022\u2022 DD Group","breadcrumb":{"@id":"https:\/\/ddgro.eu\/fr\/bordures-de-jardin\/#breadcrumb"},"inLanguage":"fr-FR","potentialAction":[{"@type":"ReadAction","target":["https:\/\/ddgro.eu\/fr\/bordures-de-jardin\/"]}]},{"@type":"ImageObject","inLanguage":"fr-FR","@id":"https:\/\/ddgro.eu\/fr\/bordures-de-jardin\/#primaryimage","url":"https:\/\/ddgro.eu\/wp-content\/uploads\/2023\/08\/OT-obrzeze-trawnikowe-rozne-ksztalty-czarne.jpg","contentUrl":"https:\/\/ddgro.eu\/wp-content\/uploads\/2023\/08\/OT-obrzeze-trawnikowe-rozne-ksztalty-czarne.jpg","width":500,"height":350,"caption":"OT-obrzeze-trawnikowe-rozne-ksztalty-czarne"},{"@type":"BreadcrumbList","@id":"https:\/\/ddgro.eu\/fr\/bordures-de-jardin\/#breadcrumb","itemListElement":[{"@type":"ListItem","position":1,"name":"Page d'accueil","item":"https:\/\/ddgro.eu\/fr\/"},{"@type":"ListItem","position":2,"name":"Bordures de jardin"}]},{"@type":"WebSite","@id":"https:\/\/ddgro.eu\/fr\/#website","url":"https:\/\/ddgro.eu\/fr\/","name":"DD GROUP","description":"","publisher":{"@id":"https:\/\/ddgro.eu\/fr\/#organization"},"potentialAction":[{"@type":"SearchAction","target":{"@type":"EntryPoint","urlTemplate":"https:\/\/ddgro.eu\/fr\/?s={search_term_string}"},"query-input":"required name=search_term_string"}],"inLanguage":"fr-FR"},{"@type":"Organization","@id":"https:\/\/ddgro.eu\/fr\/#organization","name":"Deck-Dry Polska sp. z o.o.","url":"https:\/\/ddgro.eu\/fr\/","logo":{"@type":"ImageObject","inLanguage":"fr-FR","@id":"https:\/\/ddgro.eu\/fr\/#\/schema\/logo\/image\/","url":"https:\/\/ddgro.eu\/wp-content\/uploads\/2018\/05\/logo-nowe-dd.png","contentUrl":"https:\/\/ddgro.eu\/wp-content\/uploads\/2018\/05\/logo-nowe-dd.png","width":"343","height":"72","caption":"Deck-Dry Polska sp. z o.o."},"image":{"@id":"https:\/\/ddgro.eu\/fr\/#\/schema\/logo\/image\/"},"sameAs":["https:\/\/www.facebook.com\/ddpedestals","https:\/\/www.linkedin.com\/company\/dd-pedestals\/","https:\/\/www.instagram.com\/ddpedestals\/"]}]}},"_links":{"self":[{"href":"https:\/\/ddgro.eu\/fr\/wp-json\/wp\/v2\/pages\/67596"}],"collection":[{"href":"https:\/\/ddgro.eu\/fr\/wp-json\/wp\/v2\/pages"}],"about":[{"href":"https:\/\/ddgro.eu\/fr\/wp-json\/wp\/v2\/types\/page"}],"author":[{"embeddable":true,"href":"https:\/\/ddgro.eu\/fr\/wp-json\/wp\/v2\/users\/19"}],"replies":[{"embeddable":true,"href":"https:\/\/ddgro.eu\/fr\/wp-json\/wp\/v2\/comments?post=67596"}],"version-history":[{"count":2,"href":"https:\/\/ddgro.eu\/fr\/wp-json\/wp\/v2\/pages\/67596\/revisions"}],"predecessor-version":[{"id":115201,"href":"https:\/\/ddgro.eu\/fr\/wp-json\/wp\/v2\/pages\/67596\/revisions\/115201"}],"wp:featuredmedia":[{"embeddable":true,"href":"https:\/\/ddgro.eu\/fr\/wp-json\/wp\/v2\/media\/93787"}],"wp:attachment":[{"href":"https:\/\/ddgro.eu\/fr\/wp-json\/wp\/v2\/media?parent=67596"}],"wp:term":[{"taxonomy":"folder","embeddable":true,"href":"https:\/\/ddgro.eu\/fr\/wp-json\/wp\/v2\/folder?post=67596"}],"curies":[{"name":"wp","href":"https:\/\/api.w.org\/{rel}","templated":true}]}}