{"id":47487,"date":"2021-01-28T11:02:32","date_gmt":"2021-01-28T10:02:32","guid":{"rendered":"https:\/\/ddgro.eu\/pliki-dla-dystrybutorow-pl\/"},"modified":"2024-06-24T13:55:09","modified_gmt":"2024-06-24T11:55:09","slug":"fichiers-pour-les-distributeurs","status":"publish","type":"page","link":"https:\/\/ddgro.eu\/fr\/fichiers-pour-les-distributeurs\/","title":{"rendered":"Fichiers pour les distributeurs"},"content":{"rendered":"","protected":true},"excerpt":{"rendered":"","protected":true},"author":7,"featured_media":0,"parent":0,"menu_order":0,"comment_status":"closed","ping_status":"closed","template":"","meta":{"_acf_changed":false,"footnotes":""},"folder":[],"acf":[],"yoast_head":"<!-- This site is optimized with the Yoast SEO plugin v22.2 - https:\/\/yoast.com\/wordpress\/plugins\/seo\/ -->\n<title>Fichiers \u00e0 T\u00e9l\u00e9charger | DD Group<\/title>\n<meta name=\"description\" content=\"Acc\u00e9dez \u00e0 une vari\u00e9t\u00e9 de fichiers \u00e0 t\u00e9l\u00e9charger pour vous aider avec vos projets de terrasses sur\u00e9lev\u00e9es. Guides, brochures et plus avec DD Group.\" \/>\n<meta name=\"robots\" content=\"noindex, follow\" \/>\n<meta property=\"og:locale\" content=\"fr_FR\" \/>\n<meta property=\"og:type\" content=\"article\" \/>\n<meta property=\"og:title\" content=\"Fichiers \u00e0 T\u00e9l\u00e9charger | DD Group\" \/>\n<meta property=\"og:description\" content=\"Acc\u00e9dez \u00e0 une vari\u00e9t\u00e9 de fichiers \u00e0 t\u00e9l\u00e9charger pour vous aider avec vos projets de terrasses sur\u00e9lev\u00e9es. Guides, brochures et plus avec DD Group.\" \/>\n<meta property=\"og:url\" content=\"https:\/\/ddgro.eu\/fr\/fichiers-pour-les-distributeurs\/\" \/>\n<meta property=\"og:site_name\" content=\"DD GROUP\" \/>\n<meta property=\"article:publisher\" content=\"https:\/\/www.facebook.com\/ddpedestals\" \/>\n<meta property=\"article:modified_time\" content=\"2024-06-24T11:55:09+00:00\" \/>\n<script type=\"application\/ld+json\" class=\"yoast-schema-graph\">{\"@context\":\"https:\/\/schema.org\",\"@graph\":[{\"@type\":\"WebPage\",\"@id\":\"https:\/\/ddgro.eu\/fr\/fichiers-pour-les-distributeurs\/\",\"url\":\"https:\/\/ddgro.eu\/fr\/fichiers-pour-les-distributeurs\/\",\"name\":\"Fichiers \u00e0 T\u00e9l\u00e9charger | DD Group\",\"isPartOf\":{\"@id\":\"https:\/\/ddgro.eu\/fr\/#website\"},\"datePublished\":\"2021-01-28T10:02:32+00:00\",\"dateModified\":\"2024-06-24T11:55:09+00:00\",\"breadcrumb\":{\"@id\":\"https:\/\/ddgro.eu\/fr\/fichiers-pour-les-distributeurs\/#breadcrumb\"},\"inLanguage\":\"fr-FR\"},{\"@type\":\"WebSite\",\"@id\":\"https:\/\/ddgro.eu\/fr\/#website\",\"url\":\"https:\/\/ddgro.eu\/fr\/\",\"name\":\"DD GROUP\",\"description\":\"\",\"publisher\":{\"@id\":\"https:\/\/ddgro.eu\/fr\/#organization\"},\"potentialAction\":[{\"@type\":\"SearchAction\",\"target\":{\"@type\":\"EntryPoint\",\"urlTemplate\":\"https:\/\/ddgro.eu\/fr\/?s={search_term_string}\"},\"query-input\":\"required name=search_term_string\"}],\"inLanguage\":\"fr-FR\"},{\"@type\":\"Organization\",\"@id\":\"https:\/\/ddgro.eu\/fr\/#organization\",\"name\":\"Deck-Dry Polska sp. z o.o.\",\"url\":\"https:\/\/ddgro.eu\/fr\/\",\"logo\":{\"@type\":\"ImageObject\",\"inLanguage\":\"fr-FR\",\"@id\":\"https:\/\/ddgro.eu\/fr\/#\/schema\/logo\/image\/\",\"url\":\"https:\/\/ddgro.eu\/wp-content\/uploads\/2018\/05\/logo-nowe-dd.png\",\"contentUrl\":\"https:\/\/ddgro.eu\/wp-content\/uploads\/2018\/05\/logo-nowe-dd.png\",\"width\":\"343\",\"height\":\"72\",\"caption\":\"Deck-Dry Polska sp. z o.o.\"},\"image\":{\"@id\":\"https:\/\/ddgro.eu\/fr\/#\/schema\/logo\/image\/\"},\"sameAs\":[\"https:\/\/www.facebook.com\/ddpedestals\",\"https:\/\/www.linkedin.com\/company\/dd-pedestals\/\",\"https:\/\/www.instagram.com\/ddpedestals\/\"]}]}<\/script>\n<!-- \/ Yoast SEO plugin. -->","yoast_head_json":{"title":"Fichiers \u00e0 T\u00e9l\u00e9charger | DD Group","description":"Acc\u00e9dez \u00e0 une vari\u00e9t\u00e9 de fichiers \u00e0 t\u00e9l\u00e9charger pour vous aider avec vos projets de terrasses sur\u00e9lev\u00e9es. Guides, brochures et plus avec DD Group.","robots":{"index":"noindex","follow":"follow"},"og_locale":"fr_FR","og_type":"article","og_title":"Fichiers \u00e0 T\u00e9l\u00e9charger | DD Group","og_description":"Acc\u00e9dez \u00e0 une vari\u00e9t\u00e9 de fichiers \u00e0 t\u00e9l\u00e9charger pour vous aider avec vos projets de terrasses sur\u00e9lev\u00e9es. Guides, brochures et plus avec DD Group.","og_url":"https:\/\/ddgro.eu\/fr\/fichiers-pour-les-distributeurs\/","og_site_name":"DD GROUP","article_publisher":"https:\/\/www.facebook.com\/ddpedestals","article_modified_time":"2024-06-24T11:55:09+00:00","schema":{"@context":"https:\/\/schema.org","@graph":[{"@type":"WebPage","@id":"https:\/\/ddgro.eu\/fr\/fichiers-pour-les-distributeurs\/","url":"https:\/\/ddgro.eu\/fr\/fichiers-pour-les-distributeurs\/","name":"Fichiers \u00e0 T\u00e9l\u00e9charger | DD Group","isPartOf":{"@id":"https:\/\/ddgro.eu\/fr\/#website"},"datePublished":"2021-01-28T10:02:32+00:00","dateModified":"2024-06-24T11:55:09+00:00","breadcrumb":{"@id":"https:\/\/ddgro.eu\/fr\/fichiers-pour-les-distributeurs\/#breadcrumb"},"inLanguage":"fr-FR"},{"@type":"WebSite","@id":"https:\/\/ddgro.eu\/fr\/#website","url":"https:\/\/ddgro.eu\/fr\/","name":"DD GROUP","description":"","publisher":{"@id":"https:\/\/ddgro.eu\/fr\/#organization"},"potentialAction":[{"@type":"SearchAction","target":{"@type":"EntryPoint","urlTemplate":"https:\/\/ddgro.eu\/fr\/?s={search_term_string}"},"query-input":"required name=search_term_string"}],"inLanguage":"fr-FR"},{"@type":"Organization","@id":"https:\/\/ddgro.eu\/fr\/#organization","name":"Deck-Dry Polska sp. z o.o.","url":"https:\/\/ddgro.eu\/fr\/","logo":{"@type":"ImageObject","inLanguage":"fr-FR","@id":"https:\/\/ddgro.eu\/fr\/#\/schema\/logo\/image\/","url":"https:\/\/ddgro.eu\/wp-content\/uploads\/2018\/05\/logo-nowe-dd.png","contentUrl":"https:\/\/ddgro.eu\/wp-content\/uploads\/2018\/05\/logo-nowe-dd.png","width":"343","height":"72","caption":"Deck-Dry Polska sp. z o.o."},"image":{"@id":"https:\/\/ddgro.eu\/fr\/#\/schema\/logo\/image\/"},"sameAs":["https:\/\/www.facebook.com\/ddpedestals","https:\/\/www.linkedin.com\/company\/dd-pedestals\/","https:\/\/www.instagram.com\/ddpedestals\/"]}]}},"_links":{"self":[{"href":"https:\/\/ddgro.eu\/fr\/wp-json\/wp\/v2\/pages\/47487"}],"collection":[{"href":"https:\/\/ddgro.eu\/fr\/wp-json\/wp\/v2\/pages"}],"about":[{"href":"https:\/\/ddgro.eu\/fr\/wp-json\/wp\/v2\/types\/page"}],"author":[{"embeddable":true,"href":"https:\/\/ddgro.eu\/fr\/wp-json\/wp\/v2\/users\/7"}],"replies":[{"embeddable":true,"href":"https:\/\/ddgro.eu\/fr\/wp-json\/wp\/v2\/comments?post=47487"}],"version-history":[{"count":1,"href":"https:\/\/ddgro.eu\/fr\/wp-json\/wp\/v2\/pages\/47487\/revisions"}],"predecessor-version":[{"id":115209,"href":"https:\/\/ddgro.eu\/fr\/wp-json\/wp\/v2\/pages\/47487\/revisions\/115209"}],"wp:attachment":[{"href":"https:\/\/ddgro.eu\/fr\/wp-json\/wp\/v2\/media?parent=47487"}],"wp:term":[{"taxonomy":"folder","embeddable":true,"href":"https:\/\/ddgro.eu\/fr\/wp-json\/wp\/v2\/folder?post=47487"}],"curies":[{"name":"wp","href":"https:\/\/api.w.org\/{rel}","templated":true}]}}