{"id":47364,"date":"2021-01-26T10:24:43","date_gmt":"2021-01-26T09:24:43","guid":{"rendered":"https:\/\/ddgro.eu\/polityka-prywatnosci-pl\/"},"modified":"2024-06-24T13:58:31","modified_gmt":"2024-06-24T11:58:31","slug":"politique-de-confidentialite","status":"publish","type":"page","link":"https:\/\/ddgro.eu\/fr\/politique-de-confidentialite\/","title":{"rendered":"Politique de confidentialite"},"content":{"rendered":"\n<p>Cher utilisateur !<\/p>\n\n\n\n<p>La pr\u00e9sente Politique de Confidentialit\u00e9 vise \u00e0 vous informer sur l'utilisation des donn\u00e9es recueillies lors de vos visites sur notre site web. Il sert \u00e0 vous fournir les informations vis\u00e9es \u00e0 l'article 13 du r\u00e8glement (UE) 2016\/679 du Parlement europ\u00e9en et du Conseil du 27 avril 2016 relatif \u00e0 la protection des personnes physiques \u00e0 l'\u00e9gard du traitement des donn\u00e9es \u00e0 caract\u00e8re personnel et \u00e0 la libre circulation de ces donn\u00e9es et abrogeant la directive 95\/46\/CE (r\u00e8glement g\u00e9n\u00e9ral sur la protection des donn\u00e9es), ci-apr\u00e8s d\u00e9nomm\u00e9 \"RGPD\", qui est en vigueur depuis le 25 mai 2018.<\/p>\n\n\n\n<h3 class=\"wp-block-heading\">Qui est le administrateur de vos donn\u00e9es personnelles ?<\/h3>\n\n\n\n<p>Le gestionnaire de vos donn\u00e9es personnelles est la soci\u00e9t\u00e9 \u00e0 responsabilit\u00e9 limit\u00e9e \"DECK-DRY\", ul. Abrahama 48, 80-307 Gda\u0144sk-Oliwa en Pologne, inscrite au registre des entrepreneurs du registre national des tribunaux tenu par le tribunal de district Gda\u0144sk-North in Gda\u0144sk en Pologne, VII Economic Department of the National Court Register sous le num\u00e9ro KRS 0000241286, REGON (SIRET) : 191118644, NIP (TVA) : 5841183361. Pour toutes les questions concernant la protection de vos donn\u00e9es personnelles, vous pouvez nous contacter par courrier \u00e9lectronique \u00e0 l'adresse : <a href=\"mailto:service@ddgro.eu\">service@ddgro.eu<\/a> ou par courrier postal \u00e0 l'adresse \"DECK-DRY\" Sp. z o.o., ul. Abrahama 48, 80-307 Gda\u0144sk-Oliwa en Pologne.<\/p>\n\n\n\n<h3 class=\"wp-block-heading\">Pourquoi collectons-nous vos donn\u00e9es personnelles<\/h3>\n\n\n\n<h3 class=\"wp-block-heading\">et sur quelle base les utilisons-nous ?<\/h3>\n\n\n\n<p>Vos donn\u00e9es personnelles sont n\u00e9cessaires et trait\u00e9es par nous afin de :<\/p>\n\n\n\n<ol><li>r\u00e9pondre \u00e0 un message envoy\u00e9 via le formulaire de contact sur notre site web. La base juridique du traitement est alors le consentement donn\u00e9 par vous lors de l'envoi du message. (article 6, paragraphe 1, point a) de RGPD),<\/li><li>fournir le service de newsletter. La base juridique est alors le consentement donn\u00e9 par vous lors de l'inscription \u00e0 la newsletter. (article 6, paragraphe 1 de RGPD),<\/li><li>\u00e9tudier et analyser le trafic sur notre site web, en r\u00e9alisant des \u00e9tudes de march\u00e9 et d'opinion. Cette finalit\u00e9 est notre int\u00e9r\u00eat l\u00e9gitime et la base juridique du traitement est l'article 6, paragraphe 1 de RGPD,<\/li><li>assurer la s\u00e9curit\u00e9 des sessions, garantir la qualit\u00e9 des sessions et permettre l'acc\u00e8s \u00e0 toutes les fonctionnalit\u00e9s de notre site web. Cette finalit\u00e9 est notre int\u00e9r\u00eat l\u00e9gitime et la base juridique du traitement est l'article 6, paragraphe 1 de RGPD,<\/li><li>effectuer le marketing direct de nos services et produits. Cette finalit\u00e9 constitue \u00e9galement notre int\u00e9r\u00eat l\u00e9gitime et la base juridique du traitement est l'article 6, paragraphe 1 de RGPD<\/li><\/ol>\n\n\n\n<h3 class=\"wp-block-heading\">Quelles sont les donn\u00e9es personnelles que nous traitons ?<\/h3>\n\n\n\n<p>Lors de votre visite sur notre site web nous traitons les informations personnelles suivantes :<\/p>\n\n\n\n<ul><li><strong>les donn\u00e9es fournies volontairement<\/strong><\/li><\/ul>\n\n\n\n<p>Sur notre site web, nous mettons \u00e0 votre disposition un formulaire de contact qui vous permet de nous envoyer un message. Dans le cadre de l'envoi d'un message, nous traitons votre nom et votre adresse \u00e9lectronique. Dans le cadre de la fourniture du newsletter, nous traitons votre adresse \u00e9lectronique.<\/p>\n\n\n\n<ul><li><strong>les donn\u00e9es collect\u00e9es automatiquement<\/strong><\/li><\/ul>\n\n\n\n<p>Lorsque vous utilisez notre site web, nous recueillons et regroupons des informations telles que votre adresse IP, l'URL de la requ\u00eate, l'identifiant de l'appareil, le temps pass\u00e9 sur des pages particuli\u00e8res, le type de navigateur, la langue du navigateur, la date et l'heure d'utilisation, la r\u00e9solution de l'\u00e9cran, le type et la version du syst\u00e8me d'exploitation et d'autres informations de ce type.<\/p>\n\n\n\n<h3 class=\"wp-block-heading\">La fourniture de donn\u00e9es personnelles est-elle obligatoire ?<\/h3>\n\n\n\n<p>La fourniture de donn\u00e9es personnelles est enti\u00e8rement volontaire. Toutefois, dans une situation o\u00f9 le traitement des donn\u00e9es \u00e0 caract\u00e8re personnel est fond\u00e9 sur le consentement, son absence nous emp\u00eachera d'entreprendre l'action \u00e0 laquelle ce consentement se rapporte. Vous pouvez retirer votre consentement \u00e0 tout moment, mais cela n'affectera pas la l\u00e9galit\u00e9 du traitement de vos donn\u00e9es personnelles, que nous avons effectu\u00e9 sur la base du consentement avant son retrait.<\/p>\n\n\n\n<h3 class=\"wp-block-heading\">Combien de temps conserverons-nous vos donn\u00e9es personnelles ?<\/h3>\n\n\n\n<p>Nous traiterons vos informations personnelles jusqu'\u00e0 ce que vous retiriez votre consentement, vous vous opposiez ou demandiez leur suppression.<\/p>\n\n\n\n<h3 class=\"wp-block-heading\">Qu'est-ce que les cookies ?<\/h3>\n\n\n\n<p>Les cookies sont des donn\u00e9es informatiques, en particulier des fichiers texte stock\u00e9s sur votre terminal et destin\u00e9s \u00e0 \u00eatre utilis\u00e9s sur le site web. Les cookies contiennent g\u00e9n\u00e9ralement le nom du site web d'o\u00f9 ils proviennent, la dur\u00e9e de stockage sur votre terminal et un num\u00e9ro unique.<\/p>\n\n\n\n<p><strong>Les cookies sont utilis\u00e9s aux fins suivantes :<\/strong><\/p>\n\n\n\n<ol><li>reconnaissance du dispositif utilis\u00e9 afin d'afficher le contenu de la page de mani\u00e8re appropri\u00e9e,<\/li><li>cr\u00e9ation des statistiques qui aident \u00e0 comprendre comment les utilisateurs utilisent les sites web, ce qui permet d'am\u00e9liorer leur structure et leur contenu,<\/li><li>adaptation du contenu et du fonctionnement du site web en faisant correspondre un identifiant de suivi anonyme, g\u00e9n\u00e9r\u00e9 de mani\u00e8re al\u00e9atoire, qui permet, entre autres, de savoir d'o\u00f9 vient l'utilisateur, quel moteur de recherche il a utilis\u00e9, sur quels liens il a cliqu\u00e9, quels mots cl\u00e9s il a tap\u00e9s et \u00e0 quel moment il a cess\u00e9 d'utiliser le site web,<\/li><li>collection des donn\u00e9es g\u00e9n\u00e9rales et anonymes pour la mise en \u0153uvre de campagnes publicitaires par le biais de listes de re-marketing, permettant l'affichage d'un contenu publicitaire adapt\u00e9 \u00e0 vos pr\u00e9f\u00e9rences<\/li><\/ol>\n\n\n\n<p>Les navigateurs web permettent g\u00e9n\u00e9ralement le stockage de cookies sur votre terminal par d\u00e9faut. Vous pouvez modifier vos param\u00e8tres \u00e0 cet \u00e9gard. Votre navigateur web vous permet de supprimer les cookies stock\u00e9s, ainsi que de les bloquer automatiquement. Vous trouverez des informations d\u00e9taill\u00e9es \u00e0 ce sujet dans l'aide ou la documentation de votre navigateur web.<\/p>\n\n\n\n<h3 class=\"wp-block-heading\">Quels sont vos droits ?<\/h3>\n\n\n\n<p>Vous avez un certain nombre de droits en ce qui concerne le traitement de vos donn\u00e9es \u00e0 caract\u00e8re personnel. Vous pouvez ex\u00e9cuter chacun de vos droits en nous contactant par e-mail \u00e0 l'adresse : <a href=\"mailto:service@ddgro.eu\">service@ddgro.eu<\/a> ou par courrier \u00e0 l'adresse \"DECK-DRY\" Sp. z o.o., ul. Abrahama 48, 80-307 Gda\u0144sk-Oliwa en Pologne.<\/p>\n\n\n\n<p><strong>Vous avez le droit \u00e0 :<\/strong><\/p>\n\n\n\n<ol><li>l'acc\u00e8s \u00e0 vos donn\u00e9es personnelles et le droit d'en demander la rectification, l'effacement et la limitation du traitement. Dans la mesure o\u00f9 le traitement est fond\u00e9 sur la pr\u00e9misse de notre int\u00e9r\u00eat l\u00e9gitime, vous avez le droit de vous opposer au traitement de vos donn\u00e9es \u00e0 caract\u00e8re personnel,<\/li><li>dans la mesure o\u00f9 le traitement de vos donn\u00e9es \u00e0 caract\u00e8re personnel est fond\u00e9 sur le consentement, vous avez le droit de retirer votre consentement. Le retrait du consentement n'affecte pas la licit\u00e9 du traitement effectu\u00e9 sur la base du consentement avant son retrait,<\/li><li>dans la mesure o\u00f9 le traitement de vos donn\u00e9es personnelles est bas\u00e9 sur le consentement, vous avez \u00e9galement droit \u00e0 la portabilit\u00e9 des donn\u00e9es, c'est-\u00e0-dire \u00e0 une demande de recevoir vos donn\u00e9es personnelles de notre part, dans un format structur\u00e9 et commun\u00e9ment utilis\u00e9,<\/li><li>de d\u00e9poser une plainte aupr\u00e8s de l'autorit\u00e9 de contr\u00f4le charg\u00e9e de la protection des donn\u00e9es, chaque fois que vous estimez que le traitement de vos donn\u00e9es \u00e0 caract\u00e8re personnel viole vos droits<\/li><\/ol>\n\n\n\n<h3 class=\"wp-block-heading\">Avec qui partageons-nous vos donn\u00e9es personnelles ?<\/h3>\n\n\n\n<p>Vos donn\u00e9es personnelles peuvent \u00eatre transf\u00e9r\u00e9es \u00e0 des entit\u00e9s auxquelles nous confions le traitement des donn\u00e9es personnelles sur la base de contrats et \u00e0 des entit\u00e9s habilit\u00e9es \u00e0 obtenir des donn\u00e9es personnelles sur la base de r\u00e9glementations l\u00e9gales. Nous fournirons \u00e9galement vos donn\u00e9es personnelles \u00e0 nos employ\u00e9s et associ\u00e9s autoris\u00e9s afin qu'ils puissent exercer leurs obligations.<\/p>\n\n\n\n<p>Afin de fournir le service de newsletter, nous traitons vos donn\u00e9es personnelles en utilisant un outil fourni par The Rocket Science Group LLC d\/b\/a Mailchimp bas\u00e9 aux \u00c9tats-Unis. Dans le cas de transferts de vos donn\u00e9es personnelles vers des pays ext\u00e9rieurs \u00e0 l'Union Europ\u00e9enne, les donn\u00e9es sont transf\u00e9r\u00e9es uniquement aux entit\u00e9s participant au bouclier de protection des donn\u00e9es UE-\u00c9tats-Unis, \u00e9tabli par une d\u00e9cision ex\u00e9cutive de la Commission Europ\u00e9enne comme un ensemble de principes visant \u00e0 garantir une protection ad\u00e9quate de votre vie priv\u00e9e.<\/p>\n\n\n\n<p>Nous utilisons \u00e9galement des services et des outils de tiers en relation avec le fonctionnement du site web, pour l'am\u00e9liorer et pour effectuer des recherches et des analyses. Nous analysons vos informations personnelles recueillies automatiquement lors de votre visite sur notre site web \u00e0 l'aide des outils suivants :<\/p>\n\n\n\n<ul><li><strong>Google Analitycs<\/strong><\/li><\/ul>\n\n\n\n<p>Les informations recueillies automatiquement lors de votre visite sur le site web sont analys\u00e9es \u00e0 l'aide de l'outil Google Analytics fourni par Google LLC. Les informations g\u00e9n\u00e9r\u00e9es par les cookies concernant votre utilisation du site web (y compris votre adresse IP) seront transmises et stock\u00e9es par Google sur des serveurs situ\u00e9s aux \u00c9tats-Unis. Les r\u00e8gles d\u00e9taill\u00e9es concernant la politique de confidentialit\u00e9 de Google Analytics (y compris des informations sur la mani\u00e8re de bloquer la collecte de donn\u00e9es) peuvent \u00eatre trouv\u00e9es sur :&nbsp;<a href=\"https:\/\/www.google.com\/analytics\" rel=\"noreferrer noopener\" target=\"_blank\">https:\/\/www.google.com\/analytics<\/a>.<\/p>\n\n\n\n<ul><li><strong>HotJar<\/strong><\/li><\/ul>\n\n\n\n<p>Nous utilisons l'outil de marketing HotJar fourni par Hotjar Ltd. HotJar est un outil qui surveille et enregistre le comportement des utilisateurs sur un site web. L'outil enregistre des donn\u00e9es sur le comportement de l'utilisateur telles que la navigation, le d\u00e9filement des pages et le d\u00e9placement du curseur. Les r\u00e8gles d\u00e9taill\u00e9es de la politique de confidentialit\u00e9 de HotJar (y compris des informations sur la mani\u00e8re de bloquer la collecte de donn\u00e9es) peuvent \u00eatre consult\u00e9es sur :&nbsp;<a href=\"https:\/\/www.hotjar.com\/\" rel=\"noreferrer noopener\" target=\"_blank\">https:\/\/www.hotjar.com<\/a>.<\/p>\n\n\n\n<ul><li><strong>Facebook Pixel<\/strong><\/li><\/ul>\n\n\n\n<p>Nous utilisons l'outil de marketing Facebook Pixel fourni par Facebook Inc. Facebook Pixel recueille des informations sur le comportement des utilisateurs sur le site web et affiche des publicit\u00e9s sur Facebook sur cette base. Les informations ainsi recueillies seront transmises \u00e0 Facebook Inc. et stock\u00e9es par celle-ci sur des serveurs situ\u00e9s aux \u00c9tats-Unis. Des r\u00e8gles d\u00e9taill\u00e9es sur la politique de confidentialit\u00e9 de Facebook (y compris des informations sur la mani\u00e8re de bloquer la collecte de donn\u00e9es) peuvent \u00eatre trouv\u00e9es sur :&nbsp;<a href=\"https:\/\/www.facebook.com\/privacy\/explanation\" rel=\"noreferrer noopener\" target=\"_blank\">https:\/\/www.facebook.com\/privacy\/explanation<\/a>.<\/p>\n\n\n\n<h3 class=\"wp-block-heading\">Mes donn\u00e9es personnelles sont-elles profil\u00e9es ?<\/h3>\n\n\n\n<p>Vos donn\u00e9es personnelles ne seront pas soumises \u00e0 des processus qui impliqueraient une prise de d\u00e9cision automatis\u00e9e, y compris le profilage.<\/p>\n","protected":false},"excerpt":{"rendered":"<p>Cher utilisateur ! La pr\u00e9sente Politique de Confidentialit\u00e9 vise \u00e0 vous informer sur l'utilisation des donn\u00e9es recueillies lors de vos visites sur notre site web. Il sert \u00e0 vous fournir les informations vis\u00e9es \u00e0 l'article 13 du r\u00e8glement (UE) 2016\/679 du Parlement europ\u00e9en et du Conseil du 27 avril 2016 relatif \u00e0 la protection des [&hellip;]<\/p>\n","protected":false},"author":1,"featured_media":0,"parent":0,"menu_order":0,"comment_status":"open","ping_status":"closed","template":"","meta":{"_acf_changed":false,"footnotes":""},"folder":[],"acf":[],"yoast_head":"<!-- This site is optimized with the Yoast SEO plugin v22.2 - https:\/\/yoast.com\/wordpress\/plugins\/seo\/ -->\n<title>Politique de Confidentialit\u00e9 | DD Group<\/title>\n<meta name=\"description\" content=\"Informez-vous sur notre politique de confidentialit\u00e9 et la protection de vos donn\u00e9es personnelles. Transparence et s\u00e9curit\u00e9 avec DD Group.\" \/>\n<meta name=\"robots\" content=\"noindex, follow\" \/>\n<meta property=\"og:locale\" content=\"fr_FR\" \/>\n<meta property=\"og:type\" content=\"article\" \/>\n<meta property=\"og:title\" content=\"Politique de Confidentialit\u00e9 | DD Group\" \/>\n<meta property=\"og:description\" content=\"Informez-vous sur notre politique de confidentialit\u00e9 et la protection de vos donn\u00e9es personnelles. Transparence et s\u00e9curit\u00e9 avec DD Group.\" \/>\n<meta property=\"og:url\" content=\"https:\/\/ddgro.eu\/fr\/politique-de-confidentialite\/\" \/>\n<meta property=\"og:site_name\" content=\"DD GROUP\" \/>\n<meta property=\"article:publisher\" content=\"https:\/\/www.facebook.com\/ddpedestals\" \/>\n<meta property=\"article:modified_time\" content=\"2024-06-24T11:58:31+00:00\" \/>\n<meta name=\"twitter:label1\" content=\"Dur\u00e9e de lecture estim\u00e9e\" \/>\n\t<meta name=\"twitter:data1\" content=\"7 minutes\" \/>\n<script type=\"application\/ld+json\" class=\"yoast-schema-graph\">{\"@context\":\"https:\/\/schema.org\",\"@graph\":[{\"@type\":\"WebPage\",\"@id\":\"https:\/\/ddgro.eu\/fr\/politique-de-confidentialite\/\",\"url\":\"https:\/\/ddgro.eu\/fr\/politique-de-confidentialite\/\",\"name\":\"Politique de Confidentialit\u00e9 | DD Group\",\"isPartOf\":{\"@id\":\"https:\/\/ddgro.eu\/fr\/#website\"},\"datePublished\":\"2021-01-26T09:24:43+00:00\",\"dateModified\":\"2024-06-24T11:58:31+00:00\",\"description\":\"Informez-vous sur notre politique de confidentialit\u00e9 et la protection de vos donn\u00e9es personnelles. Transparence et s\u00e9curit\u00e9 avec DD Group.\",\"breadcrumb\":{\"@id\":\"https:\/\/ddgro.eu\/fr\/politique-de-confidentialite\/#breadcrumb\"},\"inLanguage\":\"fr-FR\",\"potentialAction\":[{\"@type\":\"ReadAction\",\"target\":[\"https:\/\/ddgro.eu\/fr\/politique-de-confidentialite\/\"]}]},{\"@type\":\"BreadcrumbList\",\"@id\":\"https:\/\/ddgro.eu\/fr\/politique-de-confidentialite\/#breadcrumb\",\"itemListElement\":[{\"@type\":\"ListItem\",\"position\":1,\"name\":\"Page d'accueil\",\"item\":\"https:\/\/ddgro.eu\/fr\/\"},{\"@type\":\"ListItem\",\"position\":2,\"name\":\"Politique de confidentialite\"}]},{\"@type\":\"WebSite\",\"@id\":\"https:\/\/ddgro.eu\/fr\/#website\",\"url\":\"https:\/\/ddgro.eu\/fr\/\",\"name\":\"DD GROUP\",\"description\":\"\",\"publisher\":{\"@id\":\"https:\/\/ddgro.eu\/fr\/#organization\"},\"potentialAction\":[{\"@type\":\"SearchAction\",\"target\":{\"@type\":\"EntryPoint\",\"urlTemplate\":\"https:\/\/ddgro.eu\/fr\/?s={search_term_string}\"},\"query-input\":\"required name=search_term_string\"}],\"inLanguage\":\"fr-FR\"},{\"@type\":\"Organization\",\"@id\":\"https:\/\/ddgro.eu\/fr\/#organization\",\"name\":\"Deck-Dry Polska sp. z o.o.\",\"url\":\"https:\/\/ddgro.eu\/fr\/\",\"logo\":{\"@type\":\"ImageObject\",\"inLanguage\":\"fr-FR\",\"@id\":\"https:\/\/ddgro.eu\/fr\/#\/schema\/logo\/image\/\",\"url\":\"https:\/\/ddgro.eu\/wp-content\/uploads\/2018\/05\/logo-nowe-dd.png\",\"contentUrl\":\"https:\/\/ddgro.eu\/wp-content\/uploads\/2018\/05\/logo-nowe-dd.png\",\"width\":\"343\",\"height\":\"72\",\"caption\":\"Deck-Dry Polska sp. z o.o.\"},\"image\":{\"@id\":\"https:\/\/ddgro.eu\/fr\/#\/schema\/logo\/image\/\"},\"sameAs\":[\"https:\/\/www.facebook.com\/ddpedestals\",\"https:\/\/www.linkedin.com\/company\/dd-pedestals\/\",\"https:\/\/www.instagram.com\/ddpedestals\/\"]}]}<\/script>\n<!-- \/ Yoast SEO plugin. -->","yoast_head_json":{"title":"Politique de Confidentialit\u00e9 | DD Group","description":"Informez-vous sur notre politique de confidentialit\u00e9 et la protection de vos donn\u00e9es personnelles. Transparence et s\u00e9curit\u00e9 avec DD Group.","robots":{"index":"noindex","follow":"follow"},"og_locale":"fr_FR","og_type":"article","og_title":"Politique de Confidentialit\u00e9 | DD Group","og_description":"Informez-vous sur notre politique de confidentialit\u00e9 et la protection de vos donn\u00e9es personnelles. Transparence et s\u00e9curit\u00e9 avec DD Group.","og_url":"https:\/\/ddgro.eu\/fr\/politique-de-confidentialite\/","og_site_name":"DD GROUP","article_publisher":"https:\/\/www.facebook.com\/ddpedestals","article_modified_time":"2024-06-24T11:58:31+00:00","twitter_misc":{"Dur\u00e9e de lecture estim\u00e9e":"7 minutes"},"schema":{"@context":"https:\/\/schema.org","@graph":[{"@type":"WebPage","@id":"https:\/\/ddgro.eu\/fr\/politique-de-confidentialite\/","url":"https:\/\/ddgro.eu\/fr\/politique-de-confidentialite\/","name":"Politique de Confidentialit\u00e9 | DD Group","isPartOf":{"@id":"https:\/\/ddgro.eu\/fr\/#website"},"datePublished":"2021-01-26T09:24:43+00:00","dateModified":"2024-06-24T11:58:31+00:00","description":"Informez-vous sur notre politique de confidentialit\u00e9 et la protection de vos donn\u00e9es personnelles. Transparence et s\u00e9curit\u00e9 avec DD Group.","breadcrumb":{"@id":"https:\/\/ddgro.eu\/fr\/politique-de-confidentialite\/#breadcrumb"},"inLanguage":"fr-FR","potentialAction":[{"@type":"ReadAction","target":["https:\/\/ddgro.eu\/fr\/politique-de-confidentialite\/"]}]},{"@type":"BreadcrumbList","@id":"https:\/\/ddgro.eu\/fr\/politique-de-confidentialite\/#breadcrumb","itemListElement":[{"@type":"ListItem","position":1,"name":"Page d'accueil","item":"https:\/\/ddgro.eu\/fr\/"},{"@type":"ListItem","position":2,"name":"Politique de confidentialite"}]},{"@type":"WebSite","@id":"https:\/\/ddgro.eu\/fr\/#website","url":"https:\/\/ddgro.eu\/fr\/","name":"DD GROUP","description":"","publisher":{"@id":"https:\/\/ddgro.eu\/fr\/#organization"},"potentialAction":[{"@type":"SearchAction","target":{"@type":"EntryPoint","urlTemplate":"https:\/\/ddgro.eu\/fr\/?s={search_term_string}"},"query-input":"required name=search_term_string"}],"inLanguage":"fr-FR"},{"@type":"Organization","@id":"https:\/\/ddgro.eu\/fr\/#organization","name":"Deck-Dry Polska sp. z o.o.","url":"https:\/\/ddgro.eu\/fr\/","logo":{"@type":"ImageObject","inLanguage":"fr-FR","@id":"https:\/\/ddgro.eu\/fr\/#\/schema\/logo\/image\/","url":"https:\/\/ddgro.eu\/wp-content\/uploads\/2018\/05\/logo-nowe-dd.png","contentUrl":"https:\/\/ddgro.eu\/wp-content\/uploads\/2018\/05\/logo-nowe-dd.png","width":"343","height":"72","caption":"Deck-Dry Polska sp. z o.o."},"image":{"@id":"https:\/\/ddgro.eu\/fr\/#\/schema\/logo\/image\/"},"sameAs":["https:\/\/www.facebook.com\/ddpedestals","https:\/\/www.linkedin.com\/company\/dd-pedestals\/","https:\/\/www.instagram.com\/ddpedestals\/"]}]}},"_links":{"self":[{"href":"https:\/\/ddgro.eu\/fr\/wp-json\/wp\/v2\/pages\/47364"}],"collection":[{"href":"https:\/\/ddgro.eu\/fr\/wp-json\/wp\/v2\/pages"}],"about":[{"href":"https:\/\/ddgro.eu\/fr\/wp-json\/wp\/v2\/types\/page"}],"author":[{"embeddable":true,"href":"https:\/\/ddgro.eu\/fr\/wp-json\/wp\/v2\/users\/1"}],"replies":[{"embeddable":true,"href":"https:\/\/ddgro.eu\/fr\/wp-json\/wp\/v2\/comments?post=47364"}],"version-history":[{"count":1,"href":"https:\/\/ddgro.eu\/fr\/wp-json\/wp\/v2\/pages\/47364\/revisions"}],"predecessor-version":[{"id":115205,"href":"https:\/\/ddgro.eu\/fr\/wp-json\/wp\/v2\/pages\/47364\/revisions\/115205"}],"wp:attachment":[{"href":"https:\/\/ddgro.eu\/fr\/wp-json\/wp\/v2\/media?parent=47364"}],"wp:term":[{"taxonomy":"folder","embeddable":true,"href":"https:\/\/ddgro.eu\/fr\/wp-json\/wp\/v2\/folder?post=47364"}],"curies":[{"name":"wp","href":"https:\/\/api.w.org\/{rel}","templated":true}]}}