{"id":47200,"date":"2021-01-25T15:21:00","date_gmt":"2021-01-25T14:21:00","guid":{"rendered":"https:\/\/ddgro.eu\/o-firmie-pl\/"},"modified":"2025-03-17T17:46:54","modified_gmt":"2025-03-17T16:46:54","slug":"fabricant-de-plots-pour-terrasse","status":"publish","type":"page","link":"https:\/\/ddgro.eu\/fr\/fabricant-de-plots-pour-terrasse\/","title":{"rendered":"Fabricant de plots pour terrasse"},"content":{"rendered":"","protected":false},"excerpt":{"rendered":"","protected":false},"author":7,"featured_media":0,"parent":0,"menu_order":0,"comment_status":"closed","ping_status":"closed","template":"","meta":{"_acf_changed":false,"footnotes":""},"folder":[],"acf":[],"yoast_head":"<!-- This site is optimized with the Yoast SEO plugin v22.2 - https:\/\/yoast.com\/wordpress\/plugins\/seo\/ -->\n<title>DD GROUP des solutions simples pour des probl\u00e8mes difficiles<\/title>\n<meta name=\"description\" content=\"Depuis de nombreuses ann\u00e9es, le Groupe DD cr\u00e9e, fabrique et met en \u0153uvre avec succ\u00e8s des innovations dans le secteur de la construction.\" \/>\n<meta name=\"robots\" content=\"index, follow, max-snippet:-1, max-image-preview:large, max-video-preview:-1\" \/>\n<link rel=\"canonical\" href=\"https:\/\/ddgro.eu\/fr\/fabricant-de-plots-pour-terrasse\/\" \/>\n<meta property=\"og:locale\" content=\"fr_FR\" \/>\n<meta property=\"og:type\" content=\"article\" \/>\n<meta property=\"og:title\" content=\"DD GROUP des solutions simples pour des probl\u00e8mes difficiles\" \/>\n<meta property=\"og:description\" content=\"Depuis de nombreuses ann\u00e9es, le Groupe DD cr\u00e9e, fabrique et met en \u0153uvre avec succ\u00e8s des innovations dans le secteur de la construction.\" \/>\n<meta property=\"og:url\" content=\"https:\/\/ddgro.eu\/fr\/fabricant-de-plots-pour-terrasse\/\" \/>\n<meta property=\"og:site_name\" content=\"DD GROUP\" \/>\n<meta property=\"article:publisher\" content=\"https:\/\/www.facebook.com\/ddpedestals\" \/>\n<meta property=\"article:modified_time\" content=\"2025-03-17T16:46:54+00:00\" \/>\n<script type=\"application\/ld+json\" class=\"yoast-schema-graph\">{\"@context\":\"https:\/\/schema.org\",\"@graph\":[{\"@type\":\"WebPage\",\"@id\":\"https:\/\/ddgro.eu\/fr\/fabricant-de-plots-pour-terrasse\/\",\"url\":\"https:\/\/ddgro.eu\/fr\/fabricant-de-plots-pour-terrasse\/\",\"name\":\"DD GROUP des solutions simples pour des probl\u00e8mes difficiles\",\"isPartOf\":{\"@id\":\"https:\/\/ddgro.eu\/fr\/#website\"},\"datePublished\":\"2021-01-25T14:21:00+00:00\",\"dateModified\":\"2025-03-17T16:46:54+00:00\",\"description\":\"Depuis de nombreuses ann\u00e9es, le Groupe DD cr\u00e9e, fabrique et met en \u0153uvre avec succ\u00e8s des innovations dans le secteur de la construction.\",\"breadcrumb\":{\"@id\":\"https:\/\/ddgro.eu\/fr\/fabricant-de-plots-pour-terrasse\/#breadcrumb\"},\"inLanguage\":\"fr-FR\",\"potentialAction\":[{\"@type\":\"ReadAction\",\"target\":[\"https:\/\/ddgro.eu\/fr\/fabricant-de-plots-pour-terrasse\/\"]}]},{\"@type\":\"BreadcrumbList\",\"@id\":\"https:\/\/ddgro.eu\/fr\/fabricant-de-plots-pour-terrasse\/#breadcrumb\",\"itemListElement\":[{\"@type\":\"ListItem\",\"position\":1,\"name\":\"Page d'accueil\",\"item\":\"https:\/\/ddgro.eu\/fr\/\"},{\"@type\":\"ListItem\",\"position\":2,\"name\":\"Fabricant de plots pour terrasse\"}]},{\"@type\":\"WebSite\",\"@id\":\"https:\/\/ddgro.eu\/fr\/#website\",\"url\":\"https:\/\/ddgro.eu\/fr\/\",\"name\":\"DD GROUP\",\"description\":\"\",\"publisher\":{\"@id\":\"https:\/\/ddgro.eu\/fr\/#organization\"},\"potentialAction\":[{\"@type\":\"SearchAction\",\"target\":{\"@type\":\"EntryPoint\",\"urlTemplate\":\"https:\/\/ddgro.eu\/fr\/?s={search_term_string}\"},\"query-input\":\"required name=search_term_string\"}],\"inLanguage\":\"fr-FR\"},{\"@type\":\"Organization\",\"@id\":\"https:\/\/ddgro.eu\/fr\/#organization\",\"name\":\"Deck-Dry Polska sp. z o.o.\",\"url\":\"https:\/\/ddgro.eu\/fr\/\",\"logo\":{\"@type\":\"ImageObject\",\"inLanguage\":\"fr-FR\",\"@id\":\"https:\/\/ddgro.eu\/fr\/#\/schema\/logo\/image\/\",\"url\":\"https:\/\/ddgro.eu\/wp-content\/uploads\/2018\/05\/logo-nowe-dd.png\",\"contentUrl\":\"https:\/\/ddgro.eu\/wp-content\/uploads\/2018\/05\/logo-nowe-dd.png\",\"width\":\"343\",\"height\":\"72\",\"caption\":\"Deck-Dry Polska sp. z o.o.\"},\"image\":{\"@id\":\"https:\/\/ddgro.eu\/fr\/#\/schema\/logo\/image\/\"},\"sameAs\":[\"https:\/\/www.facebook.com\/ddpedestals\",\"https:\/\/www.linkedin.com\/company\/dd-pedestals\/\",\"https:\/\/www.instagram.com\/ddpedestals\/\"]}]}<\/script>\n<!-- \/ Yoast SEO plugin. -->","yoast_head_json":{"title":"DD GROUP des solutions simples pour des probl\u00e8mes difficiles","description":"Depuis de nombreuses ann\u00e9es, le Groupe DD cr\u00e9e, fabrique et met en \u0153uvre avec succ\u00e8s des innovations dans le secteur de la construction.","robots":{"index":"index","follow":"follow","max-snippet":"max-snippet:-1","max-image-preview":"max-image-preview:large","max-video-preview":"max-video-preview:-1"},"canonical":"https:\/\/ddgro.eu\/fr\/fabricant-de-plots-pour-terrasse\/","og_locale":"fr_FR","og_type":"article","og_title":"DD GROUP des solutions simples pour des probl\u00e8mes difficiles","og_description":"Depuis de nombreuses ann\u00e9es, le Groupe DD cr\u00e9e, fabrique et met en \u0153uvre avec succ\u00e8s des innovations dans le secteur de la construction.","og_url":"https:\/\/ddgro.eu\/fr\/fabricant-de-plots-pour-terrasse\/","og_site_name":"DD GROUP","article_publisher":"https:\/\/www.facebook.com\/ddpedestals","article_modified_time":"2025-03-17T16:46:54+00:00","schema":{"@context":"https:\/\/schema.org","@graph":[{"@type":"WebPage","@id":"https:\/\/ddgro.eu\/fr\/fabricant-de-plots-pour-terrasse\/","url":"https:\/\/ddgro.eu\/fr\/fabricant-de-plots-pour-terrasse\/","name":"DD GROUP des solutions simples pour des probl\u00e8mes difficiles","isPartOf":{"@id":"https:\/\/ddgro.eu\/fr\/#website"},"datePublished":"2021-01-25T14:21:00+00:00","dateModified":"2025-03-17T16:46:54+00:00","description":"Depuis de nombreuses ann\u00e9es, le Groupe DD cr\u00e9e, fabrique et met en \u0153uvre avec succ\u00e8s des innovations dans le secteur de la construction.","breadcrumb":{"@id":"https:\/\/ddgro.eu\/fr\/fabricant-de-plots-pour-terrasse\/#breadcrumb"},"inLanguage":"fr-FR","potentialAction":[{"@type":"ReadAction","target":["https:\/\/ddgro.eu\/fr\/fabricant-de-plots-pour-terrasse\/"]}]},{"@type":"BreadcrumbList","@id":"https:\/\/ddgro.eu\/fr\/fabricant-de-plots-pour-terrasse\/#breadcrumb","itemListElement":[{"@type":"ListItem","position":1,"name":"Page d'accueil","item":"https:\/\/ddgro.eu\/fr\/"},{"@type":"ListItem","position":2,"name":"Fabricant de plots pour terrasse"}]},{"@type":"WebSite","@id":"https:\/\/ddgro.eu\/fr\/#website","url":"https:\/\/ddgro.eu\/fr\/","name":"DD GROUP","description":"","publisher":{"@id":"https:\/\/ddgro.eu\/fr\/#organization"},"potentialAction":[{"@type":"SearchAction","target":{"@type":"EntryPoint","urlTemplate":"https:\/\/ddgro.eu\/fr\/?s={search_term_string}"},"query-input":"required name=search_term_string"}],"inLanguage":"fr-FR"},{"@type":"Organization","@id":"https:\/\/ddgro.eu\/fr\/#organization","name":"Deck-Dry Polska sp. z o.o.","url":"https:\/\/ddgro.eu\/fr\/","logo":{"@type":"ImageObject","inLanguage":"fr-FR","@id":"https:\/\/ddgro.eu\/fr\/#\/schema\/logo\/image\/","url":"https:\/\/ddgro.eu\/wp-content\/uploads\/2018\/05\/logo-nowe-dd.png","contentUrl":"https:\/\/ddgro.eu\/wp-content\/uploads\/2018\/05\/logo-nowe-dd.png","width":"343","height":"72","caption":"Deck-Dry Polska sp. z o.o."},"image":{"@id":"https:\/\/ddgro.eu\/fr\/#\/schema\/logo\/image\/"},"sameAs":["https:\/\/www.facebook.com\/ddpedestals","https:\/\/www.linkedin.com\/company\/dd-pedestals\/","https:\/\/www.instagram.com\/ddpedestals\/"]}]}},"_links":{"self":[{"href":"https:\/\/ddgro.eu\/fr\/wp-json\/wp\/v2\/pages\/47200"}],"collection":[{"href":"https:\/\/ddgro.eu\/fr\/wp-json\/wp\/v2\/pages"}],"about":[{"href":"https:\/\/ddgro.eu\/fr\/wp-json\/wp\/v2\/types\/page"}],"author":[{"embeddable":true,"href":"https:\/\/ddgro.eu\/fr\/wp-json\/wp\/v2\/users\/7"}],"replies":[{"embeddable":true,"href":"https:\/\/ddgro.eu\/fr\/wp-json\/wp\/v2\/comments?post=47200"}],"version-history":[{"count":2,"href":"https:\/\/ddgro.eu\/fr\/wp-json\/wp\/v2\/pages\/47200\/revisions"}],"predecessor-version":[{"id":115206,"href":"https:\/\/ddgro.eu\/fr\/wp-json\/wp\/v2\/pages\/47200\/revisions\/115206"}],"wp:attachment":[{"href":"https:\/\/ddgro.eu\/fr\/wp-json\/wp\/v2\/media?parent=47200"}],"wp:term":[{"taxonomy":"folder","embeddable":true,"href":"https:\/\/ddgro.eu\/fr\/wp-json\/wp\/v2\/folder?post=47200"}],"curies":[{"name":"wp","href":"https:\/\/api.w.org\/{rel}","templated":true}]}}