{"id":47186,"date":"2021-01-25T14:47:48","date_gmt":"2021-01-25T13:47:48","guid":{"rendered":"https:\/\/ddgro.eu\/podstawki-tarasowe-pl\/"},"modified":"2024-04-08T14:08:07","modified_gmt":"2024-04-08T12:08:07","slug":"plot-fixe-pour-dalle","status":"publish","type":"page","link":"https:\/\/ddgro.eu\/fr\/plot-fixe-pour-dalle\/","title":{"rendered":"Les plots pour dalle de terrasse"},"content":{"rendered":"","protected":false},"excerpt":{"rendered":"","protected":false},"author":2,"featured_media":0,"parent":0,"menu_order":0,"comment_status":"open","ping_status":"closed","template":"","meta":{"_acf_changed":false,"footnotes":""},"folder":[],"acf":[],"yoast_head":"<!-- This site is optimized with the Yoast SEO plugin v22.2 - https:\/\/yoast.com\/wordpress\/plugins\/seo\/ -->\n<title>Les plots pour dalle de terrasse - DD Pedestals<\/title>\n<meta name=\"description\" content=\"Les socles sont utilis\u00e9s pour construire des terrasses en bois sans avoir \u00e0 fixer m\u00e9caniquement les solives au sol. Consultez notre offre!\" \/>\n<meta name=\"robots\" content=\"index, follow, max-snippet:-1, max-image-preview:large, max-video-preview:-1\" \/>\n<link rel=\"canonical\" href=\"https:\/\/ddgro.eu\/fr\/plot-fixe-pour-dalle\/\" \/>\n<meta property=\"og:locale\" content=\"fr_FR\" \/>\n<meta property=\"og:type\" content=\"article\" \/>\n<meta property=\"og:title\" content=\"Les plots pour dalle de terrasse - DD Pedestals\" \/>\n<meta property=\"og:description\" content=\"Les socles sont utilis\u00e9s pour construire des terrasses en bois sans avoir \u00e0 fixer m\u00e9caniquement les solives au sol. Consultez notre offre!\" \/>\n<meta property=\"og:url\" content=\"https:\/\/ddgro.eu\/fr\/plot-fixe-pour-dalle\/\" \/>\n<meta property=\"og:site_name\" content=\"DD GROUP\" \/>\n<meta property=\"article:publisher\" content=\"https:\/\/www.facebook.com\/ddpedestals\" \/>\n<meta property=\"article:modified_time\" content=\"2024-04-08T12:08:07+00:00\" \/>\n<script type=\"application\/ld+json\" class=\"yoast-schema-graph\">{\"@context\":\"https:\/\/schema.org\",\"@graph\":[{\"@type\":\"WebPage\",\"@id\":\"https:\/\/ddgro.eu\/fr\/plot-fixe-pour-dalle\/\",\"url\":\"https:\/\/ddgro.eu\/fr\/plot-fixe-pour-dalle\/\",\"name\":\"Les plots pour dalle de terrasse - DD Pedestals\",\"isPartOf\":{\"@id\":\"https:\/\/ddgro.eu\/fr\/#website\"},\"datePublished\":\"2021-01-25T13:47:48+00:00\",\"dateModified\":\"2024-04-08T12:08:07+00:00\",\"description\":\"Les socles sont utilis\u00e9s pour construire des terrasses en bois sans avoir \u00e0 fixer m\u00e9caniquement les solives au sol. Consultez notre offre!\",\"breadcrumb\":{\"@id\":\"https:\/\/ddgro.eu\/fr\/plot-fixe-pour-dalle\/#breadcrumb\"},\"inLanguage\":\"fr-FR\",\"potentialAction\":[{\"@type\":\"ReadAction\",\"target\":[\"https:\/\/ddgro.eu\/fr\/plot-fixe-pour-dalle\/\"]}]},{\"@type\":\"BreadcrumbList\",\"@id\":\"https:\/\/ddgro.eu\/fr\/plot-fixe-pour-dalle\/#breadcrumb\",\"itemListElement\":[{\"@type\":\"ListItem\",\"position\":1,\"name\":\"Page d'accueil\",\"item\":\"https:\/\/ddgro.eu\/fr\/\"},{\"@type\":\"ListItem\",\"position\":2,\"name\":\"Les plots pour dalle de terrasse\"}]},{\"@type\":\"WebSite\",\"@id\":\"https:\/\/ddgro.eu\/fr\/#website\",\"url\":\"https:\/\/ddgro.eu\/fr\/\",\"name\":\"DD GROUP\",\"description\":\"\",\"publisher\":{\"@id\":\"https:\/\/ddgro.eu\/fr\/#organization\"},\"potentialAction\":[{\"@type\":\"SearchAction\",\"target\":{\"@type\":\"EntryPoint\",\"urlTemplate\":\"https:\/\/ddgro.eu\/fr\/?s={search_term_string}\"},\"query-input\":\"required name=search_term_string\"}],\"inLanguage\":\"fr-FR\"},{\"@type\":\"Organization\",\"@id\":\"https:\/\/ddgro.eu\/fr\/#organization\",\"name\":\"Deck-Dry Polska sp. z o.o.\",\"url\":\"https:\/\/ddgro.eu\/fr\/\",\"logo\":{\"@type\":\"ImageObject\",\"inLanguage\":\"fr-FR\",\"@id\":\"https:\/\/ddgro.eu\/fr\/#\/schema\/logo\/image\/\",\"url\":\"https:\/\/ddgro.eu\/wp-content\/uploads\/2018\/05\/logo-nowe-dd.png\",\"contentUrl\":\"https:\/\/ddgro.eu\/wp-content\/uploads\/2018\/05\/logo-nowe-dd.png\",\"width\":\"343\",\"height\":\"72\",\"caption\":\"Deck-Dry Polska sp. z o.o.\"},\"image\":{\"@id\":\"https:\/\/ddgro.eu\/fr\/#\/schema\/logo\/image\/\"},\"sameAs\":[\"https:\/\/www.facebook.com\/ddpedestals\",\"https:\/\/www.linkedin.com\/company\/dd-pedestals\/\",\"https:\/\/www.instagram.com\/ddpedestals\/\"]}]}<\/script>\n<!-- \/ Yoast SEO plugin. -->","yoast_head_json":{"title":"Les plots pour dalle de terrasse - DD Pedestals","description":"Les socles sont utilis\u00e9s pour construire des terrasses en bois sans avoir \u00e0 fixer m\u00e9caniquement les solives au sol. Consultez notre offre!","robots":{"index":"index","follow":"follow","max-snippet":"max-snippet:-1","max-image-preview":"max-image-preview:large","max-video-preview":"max-video-preview:-1"},"canonical":"https:\/\/ddgro.eu\/fr\/plot-fixe-pour-dalle\/","og_locale":"fr_FR","og_type":"article","og_title":"Les plots pour dalle de terrasse - DD Pedestals","og_description":"Les socles sont utilis\u00e9s pour construire des terrasses en bois sans avoir \u00e0 fixer m\u00e9caniquement les solives au sol. Consultez notre offre!","og_url":"https:\/\/ddgro.eu\/fr\/plot-fixe-pour-dalle\/","og_site_name":"DD GROUP","article_publisher":"https:\/\/www.facebook.com\/ddpedestals","article_modified_time":"2024-04-08T12:08:07+00:00","schema":{"@context":"https:\/\/schema.org","@graph":[{"@type":"WebPage","@id":"https:\/\/ddgro.eu\/fr\/plot-fixe-pour-dalle\/","url":"https:\/\/ddgro.eu\/fr\/plot-fixe-pour-dalle\/","name":"Les plots pour dalle de terrasse - DD Pedestals","isPartOf":{"@id":"https:\/\/ddgro.eu\/fr\/#website"},"datePublished":"2021-01-25T13:47:48+00:00","dateModified":"2024-04-08T12:08:07+00:00","description":"Les socles sont utilis\u00e9s pour construire des terrasses en bois sans avoir \u00e0 fixer m\u00e9caniquement les solives au sol. Consultez notre offre!","breadcrumb":{"@id":"https:\/\/ddgro.eu\/fr\/plot-fixe-pour-dalle\/#breadcrumb"},"inLanguage":"fr-FR","potentialAction":[{"@type":"ReadAction","target":["https:\/\/ddgro.eu\/fr\/plot-fixe-pour-dalle\/"]}]},{"@type":"BreadcrumbList","@id":"https:\/\/ddgro.eu\/fr\/plot-fixe-pour-dalle\/#breadcrumb","itemListElement":[{"@type":"ListItem","position":1,"name":"Page d'accueil","item":"https:\/\/ddgro.eu\/fr\/"},{"@type":"ListItem","position":2,"name":"Les plots pour dalle de terrasse"}]},{"@type":"WebSite","@id":"https:\/\/ddgro.eu\/fr\/#website","url":"https:\/\/ddgro.eu\/fr\/","name":"DD GROUP","description":"","publisher":{"@id":"https:\/\/ddgro.eu\/fr\/#organization"},"potentialAction":[{"@type":"SearchAction","target":{"@type":"EntryPoint","urlTemplate":"https:\/\/ddgro.eu\/fr\/?s={search_term_string}"},"query-input":"required name=search_term_string"}],"inLanguage":"fr-FR"},{"@type":"Organization","@id":"https:\/\/ddgro.eu\/fr\/#organization","name":"Deck-Dry Polska sp. z o.o.","url":"https:\/\/ddgro.eu\/fr\/","logo":{"@type":"ImageObject","inLanguage":"fr-FR","@id":"https:\/\/ddgro.eu\/fr\/#\/schema\/logo\/image\/","url":"https:\/\/ddgro.eu\/wp-content\/uploads\/2018\/05\/logo-nowe-dd.png","contentUrl":"https:\/\/ddgro.eu\/wp-content\/uploads\/2018\/05\/logo-nowe-dd.png","width":"343","height":"72","caption":"Deck-Dry Polska sp. z o.o."},"image":{"@id":"https:\/\/ddgro.eu\/fr\/#\/schema\/logo\/image\/"},"sameAs":["https:\/\/www.facebook.com\/ddpedestals","https:\/\/www.linkedin.com\/company\/dd-pedestals\/","https:\/\/www.instagram.com\/ddpedestals\/"]}]}},"_links":{"self":[{"href":"https:\/\/ddgro.eu\/fr\/wp-json\/wp\/v2\/pages\/47186"}],"collection":[{"href":"https:\/\/ddgro.eu\/fr\/wp-json\/wp\/v2\/pages"}],"about":[{"href":"https:\/\/ddgro.eu\/fr\/wp-json\/wp\/v2\/types\/page"}],"author":[{"embeddable":true,"href":"https:\/\/ddgro.eu\/fr\/wp-json\/wp\/v2\/users\/2"}],"replies":[{"embeddable":true,"href":"https:\/\/ddgro.eu\/fr\/wp-json\/wp\/v2\/comments?post=47186"}],"version-history":[{"count":2,"href":"https:\/\/ddgro.eu\/fr\/wp-json\/wp\/v2\/pages\/47186\/revisions"}],"predecessor-version":[{"id":115217,"href":"https:\/\/ddgro.eu\/fr\/wp-json\/wp\/v2\/pages\/47186\/revisions\/115217"}],"wp:attachment":[{"href":"https:\/\/ddgro.eu\/fr\/wp-json\/wp\/v2\/media?parent=47186"}],"wp:term":[{"taxonomy":"folder","embeddable":true,"href":"https:\/\/ddgro.eu\/fr\/wp-json\/wp\/v2\/folder?post=47186"}],"curies":[{"name":"wp","href":"https:\/\/api.w.org\/{rel}","templated":true}]}}