{"id":90960,"date":"2023-07-13T11:42:56","date_gmt":"2023-07-13T09:42:56","guid":{"rendered":"https:\/\/ddgro.eu\/faq\/"},"modified":"2024-06-20T16:36:18","modified_gmt":"2024-06-20T14:36:18","slug":"faqs","status":"publish","type":"page","link":"https:\/\/ddgro.eu\/es\/faqs\/","title":{"rendered":"FAQ"},"content":{"rendered":"","protected":false},"excerpt":{"rendered":"","protected":false},"author":26,"featured_media":0,"parent":0,"menu_order":0,"comment_status":"closed","ping_status":"closed","template":"","meta":{"_acf_changed":false,"footnotes":""},"folder":[],"acf":[],"yoast_head":"<!-- This site is optimized with the Yoast SEO plugin v22.2 - https:\/\/yoast.com\/wordpress\/plugins\/seo\/ -->\n<title>FAQ Preguntas Frecuentes | DD Group<\/title>\n<meta name=\"description\" content=\"Encuentra respuestas a las preguntas m\u00e1s frecuentes sobre nuestros productos y su instalaci\u00f3n. Informaci\u00f3n detallada y \u00fatil con DD Group.\" \/>\n<meta name=\"robots\" content=\"index, follow, max-snippet:-1, max-image-preview:large, max-video-preview:-1\" \/>\n<link rel=\"canonical\" href=\"https:\/\/ddgro.eu\/es\/faqs\/\" \/>\n<meta property=\"og:locale\" content=\"es_ES\" \/>\n<meta property=\"og:type\" content=\"article\" \/>\n<meta property=\"og:title\" content=\"FAQ Preguntas Frecuentes | DD Group\" \/>\n<meta property=\"og:description\" content=\"Encuentra respuestas a las preguntas m\u00e1s frecuentes sobre nuestros productos y su instalaci\u00f3n. Informaci\u00f3n detallada y \u00fatil con DD Group.\" \/>\n<meta property=\"og:url\" content=\"https:\/\/ddgro.eu\/es\/faqs\/\" \/>\n<meta property=\"og:site_name\" content=\"DD GROUP\" \/>\n<meta property=\"article:publisher\" content=\"https:\/\/www.facebook.com\/ddpedestals\" \/>\n<meta property=\"article:modified_time\" content=\"2024-06-20T14:36:18+00:00\" \/>\n<script type=\"application\/ld+json\" class=\"yoast-schema-graph\">{\"@context\":\"https:\/\/schema.org\",\"@graph\":[{\"@type\":\"WebPage\",\"@id\":\"https:\/\/ddgro.eu\/es\/faqs\/\",\"url\":\"https:\/\/ddgro.eu\/es\/faqs\/\",\"name\":\"FAQ Preguntas Frecuentes | DD Group\",\"isPartOf\":{\"@id\":\"https:\/\/ddgro.eu\/es\/#website\"},\"datePublished\":\"2023-07-13T09:42:56+00:00\",\"dateModified\":\"2024-06-20T14:36:18+00:00\",\"description\":\"Encuentra respuestas a las preguntas m\u00e1s frecuentes sobre nuestros productos y su instalaci\u00f3n. Informaci\u00f3n detallada y \u00fatil con DD Group.\",\"breadcrumb\":{\"@id\":\"https:\/\/ddgro.eu\/es\/faqs\/#breadcrumb\"},\"inLanguage\":\"es\",\"potentialAction\":[{\"@type\":\"ReadAction\",\"target\":[\"https:\/\/ddgro.eu\/es\/faqs\/\"]}]},{\"@type\":\"BreadcrumbList\",\"@id\":\"https:\/\/ddgro.eu\/es\/faqs\/#breadcrumb\",\"itemListElement\":[{\"@type\":\"ListItem\",\"position\":1,\"name\":\"P\u00e1gina principal\",\"item\":\"https:\/\/ddgro.eu\/es\/\"},{\"@type\":\"ListItem\",\"position\":2,\"name\":\"FAQ\"}]},{\"@type\":\"WebSite\",\"@id\":\"https:\/\/ddgro.eu\/es\/#website\",\"url\":\"https:\/\/ddgro.eu\/es\/\",\"name\":\"DD GROUP\",\"description\":\"\",\"publisher\":{\"@id\":\"https:\/\/ddgro.eu\/es\/#organization\"},\"potentialAction\":[{\"@type\":\"SearchAction\",\"target\":{\"@type\":\"EntryPoint\",\"urlTemplate\":\"https:\/\/ddgro.eu\/es\/?s={search_term_string}\"},\"query-input\":\"required name=search_term_string\"}],\"inLanguage\":\"es\"},{\"@type\":\"Organization\",\"@id\":\"https:\/\/ddgro.eu\/es\/#organization\",\"name\":\"Deck-Dry Polska sp. z o.o.\",\"url\":\"https:\/\/ddgro.eu\/es\/\",\"logo\":{\"@type\":\"ImageObject\",\"inLanguage\":\"es\",\"@id\":\"https:\/\/ddgro.eu\/es\/#\/schema\/logo\/image\/\",\"url\":\"https:\/\/ddgro.eu\/wp-content\/uploads\/2018\/05\/logo-nowe-dd.png\",\"contentUrl\":\"https:\/\/ddgro.eu\/wp-content\/uploads\/2018\/05\/logo-nowe-dd.png\",\"width\":\"343\",\"height\":\"72\",\"caption\":\"Deck-Dry Polska sp. z o.o.\"},\"image\":{\"@id\":\"https:\/\/ddgro.eu\/es\/#\/schema\/logo\/image\/\"},\"sameAs\":[\"https:\/\/www.facebook.com\/ddpedestals\",\"https:\/\/www.linkedin.com\/company\/dd-pedestals\/\",\"https:\/\/www.instagram.com\/ddpedestals\/\"]}]}<\/script>\n<!-- \/ Yoast SEO plugin. -->","yoast_head_json":{"title":"FAQ Preguntas Frecuentes | DD Group","description":"Encuentra respuestas a las preguntas m\u00e1s frecuentes sobre nuestros productos y su instalaci\u00f3n. Informaci\u00f3n detallada y \u00fatil con DD Group.","robots":{"index":"index","follow":"follow","max-snippet":"max-snippet:-1","max-image-preview":"max-image-preview:large","max-video-preview":"max-video-preview:-1"},"canonical":"https:\/\/ddgro.eu\/es\/faqs\/","og_locale":"es_ES","og_type":"article","og_title":"FAQ Preguntas Frecuentes | DD Group","og_description":"Encuentra respuestas a las preguntas m\u00e1s frecuentes sobre nuestros productos y su instalaci\u00f3n. Informaci\u00f3n detallada y \u00fatil con DD Group.","og_url":"https:\/\/ddgro.eu\/es\/faqs\/","og_site_name":"DD GROUP","article_publisher":"https:\/\/www.facebook.com\/ddpedestals","article_modified_time":"2024-06-20T14:36:18+00:00","schema":{"@context":"https:\/\/schema.org","@graph":[{"@type":"WebPage","@id":"https:\/\/ddgro.eu\/es\/faqs\/","url":"https:\/\/ddgro.eu\/es\/faqs\/","name":"FAQ Preguntas Frecuentes | DD Group","isPartOf":{"@id":"https:\/\/ddgro.eu\/es\/#website"},"datePublished":"2023-07-13T09:42:56+00:00","dateModified":"2024-06-20T14:36:18+00:00","description":"Encuentra respuestas a las preguntas m\u00e1s frecuentes sobre nuestros productos y su instalaci\u00f3n. Informaci\u00f3n detallada y \u00fatil con DD Group.","breadcrumb":{"@id":"https:\/\/ddgro.eu\/es\/faqs\/#breadcrumb"},"inLanguage":"es","potentialAction":[{"@type":"ReadAction","target":["https:\/\/ddgro.eu\/es\/faqs\/"]}]},{"@type":"BreadcrumbList","@id":"https:\/\/ddgro.eu\/es\/faqs\/#breadcrumb","itemListElement":[{"@type":"ListItem","position":1,"name":"P\u00e1gina principal","item":"https:\/\/ddgro.eu\/es\/"},{"@type":"ListItem","position":2,"name":"FAQ"}]},{"@type":"WebSite","@id":"https:\/\/ddgro.eu\/es\/#website","url":"https:\/\/ddgro.eu\/es\/","name":"DD GROUP","description":"","publisher":{"@id":"https:\/\/ddgro.eu\/es\/#organization"},"potentialAction":[{"@type":"SearchAction","target":{"@type":"EntryPoint","urlTemplate":"https:\/\/ddgro.eu\/es\/?s={search_term_string}"},"query-input":"required name=search_term_string"}],"inLanguage":"es"},{"@type":"Organization","@id":"https:\/\/ddgro.eu\/es\/#organization","name":"Deck-Dry Polska sp. z o.o.","url":"https:\/\/ddgro.eu\/es\/","logo":{"@type":"ImageObject","inLanguage":"es","@id":"https:\/\/ddgro.eu\/es\/#\/schema\/logo\/image\/","url":"https:\/\/ddgro.eu\/wp-content\/uploads\/2018\/05\/logo-nowe-dd.png","contentUrl":"https:\/\/ddgro.eu\/wp-content\/uploads\/2018\/05\/logo-nowe-dd.png","width":"343","height":"72","caption":"Deck-Dry Polska sp. z o.o."},"image":{"@id":"https:\/\/ddgro.eu\/es\/#\/schema\/logo\/image\/"},"sameAs":["https:\/\/www.facebook.com\/ddpedestals","https:\/\/www.linkedin.com\/company\/dd-pedestals\/","https:\/\/www.instagram.com\/ddpedestals\/"]}]}},"_links":{"self":[{"href":"https:\/\/ddgro.eu\/es\/wp-json\/wp\/v2\/pages\/90960"}],"collection":[{"href":"https:\/\/ddgro.eu\/es\/wp-json\/wp\/v2\/pages"}],"about":[{"href":"https:\/\/ddgro.eu\/es\/wp-json\/wp\/v2\/types\/page"}],"author":[{"embeddable":true,"href":"https:\/\/ddgro.eu\/es\/wp-json\/wp\/v2\/users\/26"}],"replies":[{"embeddable":true,"href":"https:\/\/ddgro.eu\/es\/wp-json\/wp\/v2\/comments?post=90960"}],"version-history":[{"count":1,"href":"https:\/\/ddgro.eu\/es\/wp-json\/wp\/v2\/pages\/90960\/revisions"}],"predecessor-version":[{"id":90961,"href":"https:\/\/ddgro.eu\/es\/wp-json\/wp\/v2\/pages\/90960\/revisions\/90961"}],"wp:attachment":[{"href":"https:\/\/ddgro.eu\/es\/wp-json\/wp\/v2\/media?parent=90960"}],"wp:term":[{"taxonomy":"folder","embeddable":true,"href":"https:\/\/ddgro.eu\/es\/wp-json\/wp\/v2\/folder?post=90960"}],"curies":[{"name":"wp","href":"https:\/\/api.w.org\/{rel}","templated":true}]}}