{"id":53281,"date":"2021-05-06T16:51:34","date_gmt":"2021-05-06T14:51:34","guid":{"rendered":"https:\/\/ddgro.eu\/?page_id=53281"},"modified":"2024-04-08T15:19:25","modified_gmt":"2024-04-08T13:19:25","slug":"politica-de-privacidad","status":"publish","type":"page","link":"https:\/\/ddgro.eu\/es\/politica-de-privacidad\/","title":{"rendered":"Pol\u00edtica de privacidad"},"content":{"rendered":"\n<p>\u00a1Estimado usuario!<\/p>\n\n\n\n<p>La presente pol\u00edtica de privacidad tiene como objetivo informarte sobre el uso de los datos recogidos durante tus visitas a nuestro sitio web.&nbsp;Sirve para proporcionarte la informaci\u00f3n a la que se refiere el art\u00edculo 13 Reglamento (UE) 2016\/679 del Parlamento Europeo y del Consejo, de 27 de abril de 2016, relativo a la protecci\u00f3n de las personas f\u00edsicas en lo que respecta al tratamiento de datos personales y a la libre circulaci\u00f3n de estos datos y por el que se deroga la Directiva 95\/46\/CE (Reglamento general de protecci\u00f3n de datos), en adelante APD, en vigor desde el 25 de mayo de 2018.<\/p>\n\n\n\n<h3 class=\"wp-block-heading\">\u00bfQui\u00e9n es el responsable del tratamiento de tus datos personales?<\/h3>\n\n\n\n<p>El administrador de tus datos personales es \"DECK-DRY\" Sociedad de Responsabilidad Limitada, calle Abrahama 48, 80-307 Gda\u0144sk-Oliwa, inscrita en el Registro de Empresarios del Registro Judicial Nacional que lleva el Tribunal de Distrito Gda\u0144sk-Norte en Gda\u0144sk, VII Departamento Econ\u00f3mico del Registro Judicial Nacional con el n\u00famero KRS 0000241286, REGON: 191118644, NIP: 5841183361. En todo lo relativo a la protecci\u00f3n de sus datos personales puede ponerse en contacto con nosotros por correo electr\u00f3nico en la direcci\u00f3n: service@ddgro.eu o por correo postal en la direcci\u00f3n: \"DECK-DRY\" Sp. z o.o., 48 Abrahama Street, 80-307 Gda\u0144sk-Oliwa.<\/p>\n\n\n\n<h3 class=\"wp-block-heading\">\u00bfPor qu\u00e9 recogemos tus datos y para qu\u00e9 los utilizamos?<\/h3>\n\n\n\n<p><strong>Necesitamos y tratamos tus datos personales para:<\/strong><\/p>\n\n\n\n<ol><li>responder a un mensaje enviado a trav\u00e9s del formulario de contacto de nuestro sitio web&nbsp;La base legal para el tratamiento es entonces el consentimiento que proporcionaste al enviar el mensaje. (Art\u00edculo 6(1)(a) del RODO),<\/li><li>servicio de boletines. La base legal es entonces el consentimiento que diste al suscribirte al bolet\u00edn de noticias.&nbsp;(Art\u00edculo 6(1)(a) del RODO).<\/li><li>la investigaci\u00f3n anal\u00edtica, que consiste en particular en la investigaci\u00f3n y el an\u00e1lisis del tr\u00e1fico en nuestro sitio web, la realizaci\u00f3n de encuestas de mercado y de opini\u00f3n.&nbsp;Dicha finalidad constituye nuestro inter\u00e9s leg\u00edtimo y la base jur\u00eddica para el tratamiento del art\u00edculo 6, apartado 1 f, del RODO.<\/li><li>proporcionar la seguridad de la sesi\u00f3n, garantizar su calidad y proporcionar todas las funciones de nuestro sitio web.&nbsp;Dicha finalidad constituye nuestro inter\u00e9s leg\u00edtimo y la base jur\u00eddica para el tratamiento del art\u00edculo 6, apartado 1 f, del RODO.<\/li><li>comercializaci\u00f3n directa de nuestros servicios y productos.&nbsp;Dicha finalidad tambi\u00e9n constituye nuestro inter\u00e9s leg\u00edtimo y la base jur\u00eddica para el tratamiento del art\u00edculo 6, apartado 1 f, del RODO.&nbsp;<\/li><\/ol>\n\n\n\n<h3 class=\"wp-block-heading\">\u00bfQu\u00e9 datos personales tratamos?<\/h3>\n\n\n\n<p>Al visitar nuestro sitio web, procesamos la siguiente informaci\u00f3n personal:<\/p>\n\n\n\n<ul><li><strong>datos proporcionados voluntariamente<\/strong><\/li><\/ul>\n\n\n\n<p>Como parte de nuestro sitio web, ofrecemos un formulario de contacto que te permite enviarnos un mensaje.&nbsp;Procesamos tu nombre y direcci\u00f3n de correo electr\u00f3nico en relaci\u00f3n con tu mensaje. &nbsp;Respecto a la prestaci\u00f3n del servicio de bolet\u00edn informativo, procesamos tu direcci\u00f3n de correo electr\u00f3nico.<\/p>\n\n\n\n<ul><li><strong>datos proporcionados voluntariamente<\/strong><\/li><\/ul>\n\n\n\n<p>Al utilizar nuestra p\u00e1gina web, recopilamos y agregamos informaci\u00f3n como tu direcci\u00f3n IP, la URL de la solicitud, el identificador del dispositivo, la cantidad de tiempo que pasas en determinadas p\u00e1ginas, el tipo de navegador, el idioma del navegador, la fecha y la hora de uso, la resoluci\u00f3n de la pantalla, el tipo y la versi\u00f3n del sistema operativo y otra informaci\u00f3n similar.<\/p>\n\n\n\n<h3 class=\"wp-block-heading\">\u00bfEs obligatorio el suministro de datos?<\/h3>\n\n\n\n<p>El suministro de datos personales es totalmente voluntario. No obstante, cuando el tratamiento de los datos personales se base en el consentimiento, el hecho de no hacerlo nos impedir\u00e1 llevar a cabo la acci\u00f3n a la que se refiere dicho consentimiento.&nbsp;Puedes retirar tu consentimiento en cualquier momento; sin embargo, esto no afectar\u00e1 a la legalidad del tratamiento de tus datos personales que hayamos realizado sobre la base de tu consentimiento antes de su retirada.<\/p>\n\n\n\n<h3 class=\"wp-block-heading\">\u00bfCu\u00e1nto tiempo conservaremos tus datos?<\/h3>\n\n\n\n<p>Trataremos tus datos personales hasta que retires tu consentimiento, te opongas o solicites su eliminaci\u00f3n.<\/p>\n\n\n\n<h3 class=\"wp-block-heading\">\u00bfQu\u00e9 son las cookies?<\/h3>\n\n\n\n<p>Las cookies son datos inform\u00e1ticos, en particular archivos de texto almacenados en tu dispositivo terminal y destinados a ser utilizados en el sitio web.&nbsp;Las cookies suelen contener el nombre del sitio web del que proceden, el tiempo que se almacenan en el dispositivo final y un n\u00famero \u00fanico.<\/p>\n\n\n\n<p><strong>Las cookies se utilizan para los siguientes fines:<\/strong><\/p>\n\n\n\n<ol><li>reconocer el dispositivo en uso para mostrar el contenido de la p\u00e1gina de forma adecuada,<\/li><li>crear estad\u00edsticas que ayuden a comprender c\u00f3mo utilizan los usuarios las webs, lo que permite mejorar su estructura y contenido,<\/li><li>adaptar el contenido y el funcionamiento del sitio web mediante una identificaci\u00f3n de seguimiento an\u00f3nima y generada aleatoriamente, lo que permite, entre otras cosas, saber de d\u00f3nde procede el usuario, qu\u00e9 navegador ha utilizado, en qu\u00e9 enlaces ha hecho clic, qu\u00e9 palabras clave ha escrito y en qu\u00e9 momento ha dejado de utilizar el sitio web,<\/li><li>recoger datos generales y an\u00f3nimos para la realizaci\u00f3n de campa\u00f1as publicitarias a trav\u00e9s de listas de remarketing, que permitan mostrar contenidos publicitarios adaptados a tus preferencias.<\/li><\/ol>\n\n\n\n<p>Los navegadores web suelen permitir el almacenamiento de cookies en su dispositivo final de forma predeterminada. Puedes modificar la configuraci\u00f3n al respecto. Tu navegador web te permite eliminar las cookies almacenadas y tambi\u00e9n bloquearlas autom\u00e1ticamente.&nbsp;Para m\u00e1s detalles, consulte la ayuda o la documentaci\u00f3n de tu navegador.<\/p>\n\n\n\n<h3 class=\"wp-block-heading\">\u00bfCu\u00e1les son tus derechos?<\/h3>\n\n\n\n<p>Tienes una serie de derechos en relaci\u00f3n con el tratamiento de tus datos personales. Puedes ejercer cada uno de tus derechos poni\u00e9ndote en contacto con nosotros por correo electr\u00f3nico en la direcci\u00f3n: service@ddgro.eu o por correo en la direcci\u00f3n \"DECK-DRY\" Sp. z o.o., 48 Abrahama Street, 80-307 Gda\u0144sk-Oliwa.<\/p>\n\n\n\n<p><strong>Tienes derecho a:<\/strong><\/p>\n\n\n\n<ol><li>acceso a tus datos personales y derecho a solicitar su rectificaci\u00f3n, supresi\u00f3n y limitaci\u00f3n del tratamiento. Si el tratamiento se basa en la premisa de nuestro inter\u00e9s leg\u00edtimo, tienes derecho a oponerte al tratamiento de tus datos personales,<\/li><li>si el tratamiento de tus datos personales se basa en el consentimiento, tienes derecho a retirarlo. La retirada del consentimiento no afectar\u00e1 a la legalidad del tratamiento realizado sobre la base del consentimiento antes de su retirada,<\/li><li>si el tratamiento de tus datos personales se basa en el consentimiento, tambi\u00e9n tienes derecho a la portabilidad de los datos, es decir, a solicitar que te enviemos tus datos personales en un formato estructurado y de uso com\u00fan,<\/li><li>presentar una reclamaci\u00f3n ante la autoridad de control encargada de la protecci\u00f3n de datos, cuando consideres que el tratamiento de tus datos personales vulnera tus derechos.<\/li><\/ol>\n\n\n\n<h3 class=\"wp-block-heading\">\u00bfCon qui\u00e9n compartimos tu informaci\u00f3n personal?<\/h3>\n\n\n\n<p>Tus datos personales pueden ser transferidos a entidades a las que encomendamos el tratamiento de datos personales sobre la base de contratos y a entidades con derecho a obtener datos personales sobre la base de la normativa legal. Compartiremos tu informaci\u00f3n personal con nuestros empleados y asociados autorizados para el desempe\u00f1o de sus funciones.<\/p>\n\n\n\n<p>Para prestar el servicio de bolet\u00edn informativo, tratamos tus datos personales mediante una herramienta proporcionada por The Rocket Science Group LLC d\/b\/a Mailchimp con sede en Estados Unidos.&nbsp;Si transferimos tu informaci\u00f3n personal a pa\u00edses fuera de la Uni\u00f3n Europea, s\u00f3lo transferiremos los datos a entidades que participen en el Escudo de Privacidad UE-EE.UU., establecido por una decisi\u00f3n ejecutiva de la Comisi\u00f3n Europea como un conjunto de principios para garantizar la adecuada protecci\u00f3n de tu privacidad.<\/p>\n\n\n\n<p>Respecto al funcionamiento del sitio web, para mejorarlo y para realizar investigaciones y an\u00e1lisis, tambi\u00e9n utilizamos servicios y herramientas ajenas. Analizamos tus datos personales recogidos autom\u00e1ticamente durante tu visita a nuestro sitio web utilizando las siguientes herramientas:<\/p>\n\n\n\n<ul><li><strong>Google Analitycs<\/strong><\/li><\/ul>\n\n\n\n<p>La informaci\u00f3n recopilada autom\u00e1ticamente durante tu visita al sitio web se analiza mediante la herramienta Google Analytics proporcionada por Google LLC. La informaci\u00f3n generada por la cookie sobre tu uso del sitio web (incluida tu direcci\u00f3n IP) ser\u00e1 transmitida y almacenada por Google en los servidores de Estados Unidos.&nbsp;Para obtener informaci\u00f3n detallada sobre la pol\u00edtica de privacidad de Google Analytics (incluida la informaci\u00f3n sobre c\u00f3mo puede bloquear la recopilaci\u00f3n de datos), visite:&nbsp;<a href=\"https:\/\/www.google.com\/analytics\" rel=\"noreferrer noopener\" target=\"_blank\">https:\/\/www.google.com\/analytics<\/a>.<\/p>\n\n\n\n<ul><li><strong>HotJar<\/strong><\/li><\/ul>\n\n\n\n<p>Utilizamos la herramienta de marketing HotJar proporcionada por Hotjar Ltd&nbsp;HotJar es una herramienta que supervisa y registra el comportamiento de los usuarios en un sitio web. Esta herramienta recoge datos sobre el comportamiento del usuario, como la navegaci\u00f3n, el desplazamiento de la p\u00e1gina y el movimiento del cursor.&nbsp;Para conocer los detalles de la pol\u00edtica de privacidad de HotJar (incluyendo c\u00f3mo puede bloquear la recopilaci\u00f3n de datos), visite:&nbsp;<a href=\"https:\/\/www.hotjar.com\/\" rel=\"noreferrer noopener\" target=\"_blank\">https:\/\/www.hotjar.com<\/a>.<\/p>\n\n\n\n<ul><li><strong>Facebook Pixel<\/strong><\/li><\/ul>\n\n\n\n<p>Utilizamos la herramienta de marketing Facebook Pixel proporcionada por Facebook Inc. Facebook Pixel recopila informaci\u00f3n sobre el comportamiento de los usuarios en el sitio web y muestra anuncios en Facebook sobre esta base. La informaci\u00f3n recopilada de este modo ser\u00e1 transmitida y almacenada por Facebook Inc.&nbsp;en servidores de Estados Unidos.&nbsp;Las normas detalladas sobre la pol\u00edtica de privacidad de Facebook (incluida la informaci\u00f3n sobre c\u00f3mo bloquear la recopilaci\u00f3n de datos) pueden encontrarse en:&nbsp;<a href=\"https:\/\/www.facebook.com\/privacy\/explanation\" rel=\"noreferrer noopener\" target=\"_blank\">https:\/\/www.facebook.com\/privacy\/explanation<\/a>.<\/p>\n\n\n\n<h3 class=\"wp-block-heading\">\u00bfEst\u00e1n mis datos perfilados?<\/h3>\n\n\n\n<p>Tus datos personales no ser\u00e1n sometidos a procesos que impliquen una toma de decisiones automatizada, incluida la elaboraci\u00f3n de perfiles.<\/p>\n","protected":false},"excerpt":{"rendered":"<p>\u00a1Estimado usuario! La presente pol\u00edtica de privacidad tiene como objetivo informarte sobre el uso de los datos recogidos durante tus visitas a nuestro sitio web.&nbsp;Sirve para proporcionarte la informaci\u00f3n a la que se refiere el art\u00edculo 13 Reglamento (UE) 2016\/679 del Parlamento Europeo y del Consejo, de 27 de abril de 2016, relativo a la [&hellip;]<\/p>\n","protected":false},"author":19,"featured_media":0,"parent":0,"menu_order":0,"comment_status":"open","ping_status":"closed","template":"","meta":{"_acf_changed":false,"footnotes":""},"folder":[],"acf":[],"yoast_head":"<!-- This site is optimized with the Yoast SEO plugin v22.2 - https:\/\/yoast.com\/wordpress\/plugins\/seo\/ -->\n<title>Pol\u00edtica de privacidad \u2022\u2022\u2022 DD Group<\/title>\n<meta name=\"description\" content=\"\u00a1Estimado usuario! La presente pol\u00edtica de privacidad tiene como objetivo informarte sobre el uso de los datos recogidos durante tus visitas a nuestro \u2022\u2022\u2022 DD Group\" \/>\n<meta name=\"robots\" content=\"noindex, follow\" \/>\n<meta property=\"og:locale\" content=\"es_ES\" \/>\n<meta property=\"og:type\" content=\"article\" \/>\n<meta property=\"og:title\" content=\"Pol\u00edtica de privacidad \u2022\u2022\u2022 DD Group\" \/>\n<meta property=\"og:description\" content=\"\u00a1Estimado usuario! La presente pol\u00edtica de privacidad tiene como objetivo informarte sobre el uso de los datos recogidos durante tus visitas a nuestro \u2022\u2022\u2022 DD Group\" \/>\n<meta property=\"og:url\" content=\"https:\/\/ddgro.eu\/es\/politica-de-privacidad\/\" \/>\n<meta property=\"og:site_name\" content=\"DD GROUP\" \/>\n<meta property=\"article:publisher\" content=\"https:\/\/www.facebook.com\/ddpedestals\" \/>\n<meta property=\"article:modified_time\" content=\"2024-04-08T13:19:25+00:00\" \/>\n<meta name=\"twitter:label1\" content=\"Tiempo de lectura\" \/>\n\t<meta name=\"twitter:data1\" content=\"7 minutos\" \/>\n<script type=\"application\/ld+json\" class=\"yoast-schema-graph\">{\"@context\":\"https:\/\/schema.org\",\"@graph\":[{\"@type\":\"WebPage\",\"@id\":\"https:\/\/ddgro.eu\/es\/politica-de-privacidad\/\",\"url\":\"https:\/\/ddgro.eu\/es\/politica-de-privacidad\/\",\"name\":\"Pol\u00edtica de privacidad \u2022\u2022\u2022 DD Group\",\"isPartOf\":{\"@id\":\"https:\/\/ddgro.eu\/es\/#website\"},\"datePublished\":\"2021-05-06T14:51:34+00:00\",\"dateModified\":\"2024-04-08T13:19:25+00:00\",\"description\":\"\u00a1Estimado usuario! La presente pol\u00edtica de privacidad tiene como objetivo informarte sobre el uso de los datos recogidos durante tus visitas a nuestro \u2022\u2022\u2022 DD Group\",\"breadcrumb\":{\"@id\":\"https:\/\/ddgro.eu\/es\/politica-de-privacidad\/#breadcrumb\"},\"inLanguage\":\"es\",\"potentialAction\":[{\"@type\":\"ReadAction\",\"target\":[\"https:\/\/ddgro.eu\/es\/politica-de-privacidad\/\"]}]},{\"@type\":\"BreadcrumbList\",\"@id\":\"https:\/\/ddgro.eu\/es\/politica-de-privacidad\/#breadcrumb\",\"itemListElement\":[{\"@type\":\"ListItem\",\"position\":1,\"name\":\"P\u00e1gina principal\",\"item\":\"https:\/\/ddgro.eu\/es\/\"},{\"@type\":\"ListItem\",\"position\":2,\"name\":\"Pol\u00edtica de privacidad\"}]},{\"@type\":\"WebSite\",\"@id\":\"https:\/\/ddgro.eu\/es\/#website\",\"url\":\"https:\/\/ddgro.eu\/es\/\",\"name\":\"DD GROUP\",\"description\":\"\",\"publisher\":{\"@id\":\"https:\/\/ddgro.eu\/es\/#organization\"},\"potentialAction\":[{\"@type\":\"SearchAction\",\"target\":{\"@type\":\"EntryPoint\",\"urlTemplate\":\"https:\/\/ddgro.eu\/es\/?s={search_term_string}\"},\"query-input\":\"required name=search_term_string\"}],\"inLanguage\":\"es\"},{\"@type\":\"Organization\",\"@id\":\"https:\/\/ddgro.eu\/es\/#organization\",\"name\":\"Deck-Dry Polska sp. z o.o.\",\"url\":\"https:\/\/ddgro.eu\/es\/\",\"logo\":{\"@type\":\"ImageObject\",\"inLanguage\":\"es\",\"@id\":\"https:\/\/ddgro.eu\/es\/#\/schema\/logo\/image\/\",\"url\":\"https:\/\/ddgro.eu\/wp-content\/uploads\/2018\/05\/logo-nowe-dd.png\",\"contentUrl\":\"https:\/\/ddgro.eu\/wp-content\/uploads\/2018\/05\/logo-nowe-dd.png\",\"width\":\"343\",\"height\":\"72\",\"caption\":\"Deck-Dry Polska sp. z o.o.\"},\"image\":{\"@id\":\"https:\/\/ddgro.eu\/es\/#\/schema\/logo\/image\/\"},\"sameAs\":[\"https:\/\/www.facebook.com\/ddpedestals\",\"https:\/\/www.linkedin.com\/company\/dd-pedestals\/\",\"https:\/\/www.instagram.com\/ddpedestals\/\"]}]}<\/script>\n<!-- \/ Yoast SEO plugin. -->","yoast_head_json":{"title":"Pol\u00edtica de privacidad \u2022\u2022\u2022 DD Group","description":"\u00a1Estimado usuario! La presente pol\u00edtica de privacidad tiene como objetivo informarte sobre el uso de los datos recogidos durante tus visitas a nuestro \u2022\u2022\u2022 DD Group","robots":{"index":"noindex","follow":"follow"},"og_locale":"es_ES","og_type":"article","og_title":"Pol\u00edtica de privacidad \u2022\u2022\u2022 DD Group","og_description":"\u00a1Estimado usuario! La presente pol\u00edtica de privacidad tiene como objetivo informarte sobre el uso de los datos recogidos durante tus visitas a nuestro \u2022\u2022\u2022 DD Group","og_url":"https:\/\/ddgro.eu\/es\/politica-de-privacidad\/","og_site_name":"DD GROUP","article_publisher":"https:\/\/www.facebook.com\/ddpedestals","article_modified_time":"2024-04-08T13:19:25+00:00","twitter_misc":{"Tiempo de lectura":"7 minutos"},"schema":{"@context":"https:\/\/schema.org","@graph":[{"@type":"WebPage","@id":"https:\/\/ddgro.eu\/es\/politica-de-privacidad\/","url":"https:\/\/ddgro.eu\/es\/politica-de-privacidad\/","name":"Pol\u00edtica de privacidad \u2022\u2022\u2022 DD Group","isPartOf":{"@id":"https:\/\/ddgro.eu\/es\/#website"},"datePublished":"2021-05-06T14:51:34+00:00","dateModified":"2024-04-08T13:19:25+00:00","description":"\u00a1Estimado usuario! La presente pol\u00edtica de privacidad tiene como objetivo informarte sobre el uso de los datos recogidos durante tus visitas a nuestro \u2022\u2022\u2022 DD Group","breadcrumb":{"@id":"https:\/\/ddgro.eu\/es\/politica-de-privacidad\/#breadcrumb"},"inLanguage":"es","potentialAction":[{"@type":"ReadAction","target":["https:\/\/ddgro.eu\/es\/politica-de-privacidad\/"]}]},{"@type":"BreadcrumbList","@id":"https:\/\/ddgro.eu\/es\/politica-de-privacidad\/#breadcrumb","itemListElement":[{"@type":"ListItem","position":1,"name":"P\u00e1gina principal","item":"https:\/\/ddgro.eu\/es\/"},{"@type":"ListItem","position":2,"name":"Pol\u00edtica de privacidad"}]},{"@type":"WebSite","@id":"https:\/\/ddgro.eu\/es\/#website","url":"https:\/\/ddgro.eu\/es\/","name":"DD GROUP","description":"","publisher":{"@id":"https:\/\/ddgro.eu\/es\/#organization"},"potentialAction":[{"@type":"SearchAction","target":{"@type":"EntryPoint","urlTemplate":"https:\/\/ddgro.eu\/es\/?s={search_term_string}"},"query-input":"required name=search_term_string"}],"inLanguage":"es"},{"@type":"Organization","@id":"https:\/\/ddgro.eu\/es\/#organization","name":"Deck-Dry Polska sp. z o.o.","url":"https:\/\/ddgro.eu\/es\/","logo":{"@type":"ImageObject","inLanguage":"es","@id":"https:\/\/ddgro.eu\/es\/#\/schema\/logo\/image\/","url":"https:\/\/ddgro.eu\/wp-content\/uploads\/2018\/05\/logo-nowe-dd.png","contentUrl":"https:\/\/ddgro.eu\/wp-content\/uploads\/2018\/05\/logo-nowe-dd.png","width":"343","height":"72","caption":"Deck-Dry Polska sp. z o.o."},"image":{"@id":"https:\/\/ddgro.eu\/es\/#\/schema\/logo\/image\/"},"sameAs":["https:\/\/www.facebook.com\/ddpedestals","https:\/\/www.linkedin.com\/company\/dd-pedestals\/","https:\/\/www.instagram.com\/ddpedestals\/"]}]}},"_links":{"self":[{"href":"https:\/\/ddgro.eu\/es\/wp-json\/wp\/v2\/pages\/53281"}],"collection":[{"href":"https:\/\/ddgro.eu\/es\/wp-json\/wp\/v2\/pages"}],"about":[{"href":"https:\/\/ddgro.eu\/es\/wp-json\/wp\/v2\/types\/page"}],"author":[{"embeddable":true,"href":"https:\/\/ddgro.eu\/es\/wp-json\/wp\/v2\/users\/19"}],"replies":[{"embeddable":true,"href":"https:\/\/ddgro.eu\/es\/wp-json\/wp\/v2\/comments?post=53281"}],"version-history":[{"count":1,"href":"https:\/\/ddgro.eu\/es\/wp-json\/wp\/v2\/pages\/53281\/revisions"}],"predecessor-version":[{"id":115247,"href":"https:\/\/ddgro.eu\/es\/wp-json\/wp\/v2\/pages\/53281\/revisions\/115247"}],"wp:attachment":[{"href":"https:\/\/ddgro.eu\/es\/wp-json\/wp\/v2\/media?parent=53281"}],"wp:term":[{"taxonomy":"folder","embeddable":true,"href":"https:\/\/ddgro.eu\/es\/wp-json\/wp\/v2\/folder?post=53281"}],"curies":[{"name":"wp","href":"https:\/\/api.w.org\/{rel}","templated":true}]}}