{"id":96040,"date":"2023-08-23T11:33:20","date_gmt":"2023-08-23T09:33:20","guid":{"rendered":"https:\/\/ddgro.eu\/?page_id=96040"},"modified":"2024-04-08T16:14:53","modified_gmt":"2024-04-08T14:14:53","slug":"technische-karten","status":"publish","type":"page","link":"https:\/\/ddgro.eu\/de\/technische-karten\/","title":{"rendered":"Technische Karten"},"content":{"rendered":"","protected":false},"excerpt":{"rendered":"","protected":false},"author":19,"featured_media":0,"parent":0,"menu_order":0,"comment_status":"closed","ping_status":"closed","template":"","meta":{"_acf_changed":false,"footnotes":""},"folder":[],"acf":[],"yoast_head":"<!-- This site is optimized with the Yoast SEO plugin v22.2 - https:\/\/yoast.com\/wordpress\/plugins\/seo\/ -->\n<title>Technische Karten \u2022\u2022\u2022 DD Group<\/title>\n<meta name=\"description\" content=\"Technische Bl\u00e4tter f\u00fcr alle Produkte f\u00fcr Stelzlager Terrassen von DD Group - verstellbare Halterungen, Terrassenst\u00e4nder und mehr \u2022\u2022\u2022 DD Group\" \/>\n<meta name=\"robots\" content=\"index, follow, max-snippet:-1, max-image-preview:large, max-video-preview:-1\" \/>\n<link rel=\"canonical\" href=\"https:\/\/ddgro.eu\/de\/technische-karten\/\" \/>\n<meta property=\"og:locale\" content=\"de_DE\" \/>\n<meta property=\"og:type\" content=\"article\" \/>\n<meta property=\"og:title\" content=\"Technische Karten \u2022\u2022\u2022 DD Group\" \/>\n<meta property=\"og:description\" content=\"Technische Bl\u00e4tter f\u00fcr alle Produkte f\u00fcr Stelzlager Terrassen von DD Group - verstellbare Halterungen, Terrassenst\u00e4nder und mehr \u2022\u2022\u2022 DD Group\" \/>\n<meta property=\"og:url\" content=\"https:\/\/ddgro.eu\/de\/technische-karten\/\" \/>\n<meta property=\"og:site_name\" content=\"DD GROUP\" \/>\n<meta property=\"article:publisher\" content=\"https:\/\/www.facebook.com\/ddpedestals\" \/>\n<meta property=\"article:modified_time\" content=\"2024-04-08T14:14:53+00:00\" \/>\n<script type=\"application\/ld+json\" class=\"yoast-schema-graph\">{\"@context\":\"https:\/\/schema.org\",\"@graph\":[{\"@type\":\"WebPage\",\"@id\":\"https:\/\/ddgro.eu\/de\/technische-karten\/\",\"url\":\"https:\/\/ddgro.eu\/de\/technische-karten\/\",\"name\":\"Technische Karten \u2022\u2022\u2022 DD Group\",\"isPartOf\":{\"@id\":\"https:\/\/ddgro.eu\/de\/#website\"},\"datePublished\":\"2023-08-23T09:33:20+00:00\",\"dateModified\":\"2024-04-08T14:14:53+00:00\",\"description\":\"Technische Bl\u00e4tter f\u00fcr alle Produkte f\u00fcr Stelzlager Terrassen von DD Group - verstellbare Halterungen, Terrassenst\u00e4nder und mehr \u2022\u2022\u2022 DD Group\",\"breadcrumb\":{\"@id\":\"https:\/\/ddgro.eu\/de\/technische-karten\/#breadcrumb\"},\"inLanguage\":\"de-DE\",\"potentialAction\":[{\"@type\":\"ReadAction\",\"target\":[\"https:\/\/ddgro.eu\/de\/technische-karten\/\"]}]},{\"@type\":\"BreadcrumbList\",\"@id\":\"https:\/\/ddgro.eu\/de\/technische-karten\/#breadcrumb\",\"itemListElement\":[{\"@type\":\"ListItem\",\"position\":1,\"name\":\"Startseite\",\"item\":\"https:\/\/ddgro.eu\/de\/\"},{\"@type\":\"ListItem\",\"position\":2,\"name\":\"Technische Karten\"}]},{\"@type\":\"WebSite\",\"@id\":\"https:\/\/ddgro.eu\/de\/#website\",\"url\":\"https:\/\/ddgro.eu\/de\/\",\"name\":\"DD GROUP\",\"description\":\"\",\"publisher\":{\"@id\":\"https:\/\/ddgro.eu\/de\/#organization\"},\"potentialAction\":[{\"@type\":\"SearchAction\",\"target\":{\"@type\":\"EntryPoint\",\"urlTemplate\":\"https:\/\/ddgro.eu\/de\/?s={search_term_string}\"},\"query-input\":\"required name=search_term_string\"}],\"inLanguage\":\"de-DE\"},{\"@type\":\"Organization\",\"@id\":\"https:\/\/ddgro.eu\/de\/#organization\",\"name\":\"Deck-Dry Polska sp. z o.o.\",\"url\":\"https:\/\/ddgro.eu\/de\/\",\"logo\":{\"@type\":\"ImageObject\",\"inLanguage\":\"de-DE\",\"@id\":\"https:\/\/ddgro.eu\/de\/#\/schema\/logo\/image\/\",\"url\":\"https:\/\/ddgro.eu\/wp-content\/uploads\/2018\/05\/logo-nowe-dd.png\",\"contentUrl\":\"https:\/\/ddgro.eu\/wp-content\/uploads\/2018\/05\/logo-nowe-dd.png\",\"width\":\"343\",\"height\":\"72\",\"caption\":\"Deck-Dry Polska sp. z o.o.\"},\"image\":{\"@id\":\"https:\/\/ddgro.eu\/de\/#\/schema\/logo\/image\/\"},\"sameAs\":[\"https:\/\/www.facebook.com\/ddpedestals\",\"https:\/\/www.linkedin.com\/company\/dd-pedestals\/\",\"https:\/\/www.instagram.com\/ddpedestals\/\"]}]}<\/script>\n<!-- \/ Yoast SEO plugin. -->","yoast_head_json":{"title":"Technische Karten \u2022\u2022\u2022 DD Group","description":"Technische Bl\u00e4tter f\u00fcr alle Produkte f\u00fcr Stelzlager Terrassen von DD Group - verstellbare Halterungen, Terrassenst\u00e4nder und mehr \u2022\u2022\u2022 DD Group","robots":{"index":"index","follow":"follow","max-snippet":"max-snippet:-1","max-image-preview":"max-image-preview:large","max-video-preview":"max-video-preview:-1"},"canonical":"https:\/\/ddgro.eu\/de\/technische-karten\/","og_locale":"de_DE","og_type":"article","og_title":"Technische Karten \u2022\u2022\u2022 DD Group","og_description":"Technische Bl\u00e4tter f\u00fcr alle Produkte f\u00fcr Stelzlager Terrassen von DD Group - verstellbare Halterungen, Terrassenst\u00e4nder und mehr \u2022\u2022\u2022 DD Group","og_url":"https:\/\/ddgro.eu\/de\/technische-karten\/","og_site_name":"DD GROUP","article_publisher":"https:\/\/www.facebook.com\/ddpedestals","article_modified_time":"2024-04-08T14:14:53+00:00","schema":{"@context":"https:\/\/schema.org","@graph":[{"@type":"WebPage","@id":"https:\/\/ddgro.eu\/de\/technische-karten\/","url":"https:\/\/ddgro.eu\/de\/technische-karten\/","name":"Technische Karten \u2022\u2022\u2022 DD Group","isPartOf":{"@id":"https:\/\/ddgro.eu\/de\/#website"},"datePublished":"2023-08-23T09:33:20+00:00","dateModified":"2024-04-08T14:14:53+00:00","description":"Technische Bl\u00e4tter f\u00fcr alle Produkte f\u00fcr Stelzlager Terrassen von DD Group - verstellbare Halterungen, Terrassenst\u00e4nder und mehr \u2022\u2022\u2022 DD Group","breadcrumb":{"@id":"https:\/\/ddgro.eu\/de\/technische-karten\/#breadcrumb"},"inLanguage":"de-DE","potentialAction":[{"@type":"ReadAction","target":["https:\/\/ddgro.eu\/de\/technische-karten\/"]}]},{"@type":"BreadcrumbList","@id":"https:\/\/ddgro.eu\/de\/technische-karten\/#breadcrumb","itemListElement":[{"@type":"ListItem","position":1,"name":"Startseite","item":"https:\/\/ddgro.eu\/de\/"},{"@type":"ListItem","position":2,"name":"Technische Karten"}]},{"@type":"WebSite","@id":"https:\/\/ddgro.eu\/de\/#website","url":"https:\/\/ddgro.eu\/de\/","name":"DD GROUP","description":"","publisher":{"@id":"https:\/\/ddgro.eu\/de\/#organization"},"potentialAction":[{"@type":"SearchAction","target":{"@type":"EntryPoint","urlTemplate":"https:\/\/ddgro.eu\/de\/?s={search_term_string}"},"query-input":"required name=search_term_string"}],"inLanguage":"de-DE"},{"@type":"Organization","@id":"https:\/\/ddgro.eu\/de\/#organization","name":"Deck-Dry Polska sp. z o.o.","url":"https:\/\/ddgro.eu\/de\/","logo":{"@type":"ImageObject","inLanguage":"de-DE","@id":"https:\/\/ddgro.eu\/de\/#\/schema\/logo\/image\/","url":"https:\/\/ddgro.eu\/wp-content\/uploads\/2018\/05\/logo-nowe-dd.png","contentUrl":"https:\/\/ddgro.eu\/wp-content\/uploads\/2018\/05\/logo-nowe-dd.png","width":"343","height":"72","caption":"Deck-Dry Polska sp. z o.o."},"image":{"@id":"https:\/\/ddgro.eu\/de\/#\/schema\/logo\/image\/"},"sameAs":["https:\/\/www.facebook.com\/ddpedestals","https:\/\/www.linkedin.com\/company\/dd-pedestals\/","https:\/\/www.instagram.com\/ddpedestals\/"]}]}},"_links":{"self":[{"href":"https:\/\/ddgro.eu\/de\/wp-json\/wp\/v2\/pages\/96040"}],"collection":[{"href":"https:\/\/ddgro.eu\/de\/wp-json\/wp\/v2\/pages"}],"about":[{"href":"https:\/\/ddgro.eu\/de\/wp-json\/wp\/v2\/types\/page"}],"author":[{"embeddable":true,"href":"https:\/\/ddgro.eu\/de\/wp-json\/wp\/v2\/users\/19"}],"replies":[{"embeddable":true,"href":"https:\/\/ddgro.eu\/de\/wp-json\/wp\/v2\/comments?post=96040"}],"version-history":[{"count":4,"href":"https:\/\/ddgro.eu\/de\/wp-json\/wp\/v2\/pages\/96040\/revisions"}],"predecessor-version":[{"id":115269,"href":"https:\/\/ddgro.eu\/de\/wp-json\/wp\/v2\/pages\/96040\/revisions\/115269"}],"wp:attachment":[{"href":"https:\/\/ddgro.eu\/de\/wp-json\/wp\/v2\/media?parent=96040"}],"wp:term":[{"taxonomy":"folder","embeddable":true,"href":"https:\/\/ddgro.eu\/de\/wp-json\/wp\/v2\/folder?post=96040"}],"curies":[{"name":"wp","href":"https:\/\/api.w.org\/{rel}","templated":true}]}}