{"id":68858,"date":"2022-08-19T12:37:09","date_gmt":"2022-08-19T10:37:09","guid":{"rendered":"https:\/\/ddgro.eu\/uniwersalna-plytka-do-maskownic-tarasu-pl\/"},"modified":"2024-06-10T15:12:56","modified_gmt":"2024-06-10T13:12:56","slug":"blende-fur-terrassen-abdeckplatten","status":"publish","type":"page","link":"https:\/\/ddgro.eu\/de\/universalplatte-fur-terrassen-abdeckplatten\/","title":{"rendered":"Blende  f\u00fcr Terrassen"},"content":{"rendered":"","protected":false},"excerpt":{"rendered":"","protected":false},"author":2,"featured_media":0,"parent":0,"menu_order":0,"comment_status":"closed","ping_status":"closed","template":"","meta":{"_acf_changed":false,"footnotes":""},"folder":[],"acf":[],"yoast_head":"<!-- This site is optimized with the Yoast SEO plugin v22.2 - https:\/\/yoast.com\/wordpress\/plugins\/seo\/ -->\n<title>Blende f\u00fcr Terrassen | DD Group<\/title>\n<meta name=\"description\" content=\"Blende f\u00fcr Terrassen zum Abschluss der Seiten von Doppelboden-Terrassen. Ideal f\u00fcr die Anbringung mit Klebstoff, Haken und zum sauberen Abschluss der Kanten.\" \/>\n<meta name=\"robots\" content=\"index, follow, max-snippet:-1, max-image-preview:large, max-video-preview:-1\" \/>\n<link rel=\"canonical\" href=\"https:\/\/ddgro.eu\/de\/universalplatte-fur-terrassen-abdeckplatten\/\" \/>\n<meta property=\"og:locale\" content=\"de_DE\" \/>\n<meta property=\"og:type\" content=\"article\" \/>\n<meta property=\"og:title\" content=\"Blende f\u00fcr Terrassen | DD Group\" \/>\n<meta property=\"og:description\" content=\"Blende f\u00fcr Terrassen zum Abschluss der Seiten von Doppelboden-Terrassen. Ideal f\u00fcr die Anbringung mit Klebstoff, Haken und zum sauberen Abschluss der Kanten.\" \/>\n<meta property=\"og:url\" content=\"https:\/\/ddgro.eu\/de\/universalplatte-fur-terrassen-abdeckplatten\/\" \/>\n<meta property=\"og:site_name\" content=\"DD GROUP\" \/>\n<meta property=\"article:publisher\" content=\"https:\/\/www.facebook.com\/ddpedestals\" \/>\n<meta property=\"article:modified_time\" content=\"2024-06-10T13:12:56+00:00\" \/>\n<script type=\"application\/ld+json\" class=\"yoast-schema-graph\">{\"@context\":\"https:\/\/schema.org\",\"@graph\":[{\"@type\":\"WebPage\",\"@id\":\"https:\/\/ddgro.eu\/de\/universalplatte-fur-terrassen-abdeckplatten\/\",\"url\":\"https:\/\/ddgro.eu\/de\/universalplatte-fur-terrassen-abdeckplatten\/\",\"name\":\"Blende f\u00fcr Terrassen | DD Group\",\"isPartOf\":{\"@id\":\"https:\/\/ddgro.eu\/de\/#website\"},\"datePublished\":\"2022-08-19T10:37:09+00:00\",\"dateModified\":\"2024-06-10T13:12:56+00:00\",\"description\":\"Blende f\u00fcr Terrassen zum Abschluss der Seiten von Doppelboden-Terrassen. Ideal f\u00fcr die Anbringung mit Klebstoff, Haken und zum sauberen Abschluss der Kanten.\",\"breadcrumb\":{\"@id\":\"https:\/\/ddgro.eu\/de\/universalplatte-fur-terrassen-abdeckplatten\/#breadcrumb\"},\"inLanguage\":\"de-DE\",\"potentialAction\":[{\"@type\":\"ReadAction\",\"target\":[\"https:\/\/ddgro.eu\/de\/universalplatte-fur-terrassen-abdeckplatten\/\"]}]},{\"@type\":\"BreadcrumbList\",\"@id\":\"https:\/\/ddgro.eu\/de\/universalplatte-fur-terrassen-abdeckplatten\/#breadcrumb\",\"itemListElement\":[{\"@type\":\"ListItem\",\"position\":1,\"name\":\"Startseite\",\"item\":\"https:\/\/ddgro.eu\/de\/\"},{\"@type\":\"ListItem\",\"position\":2,\"name\":\"Blende f\u00fcr Terrassen\"}]},{\"@type\":\"WebSite\",\"@id\":\"https:\/\/ddgro.eu\/de\/#website\",\"url\":\"https:\/\/ddgro.eu\/de\/\",\"name\":\"DD GROUP\",\"description\":\"\",\"publisher\":{\"@id\":\"https:\/\/ddgro.eu\/de\/#organization\"},\"potentialAction\":[{\"@type\":\"SearchAction\",\"target\":{\"@type\":\"EntryPoint\",\"urlTemplate\":\"https:\/\/ddgro.eu\/de\/?s={search_term_string}\"},\"query-input\":\"required name=search_term_string\"}],\"inLanguage\":\"de-DE\"},{\"@type\":\"Organization\",\"@id\":\"https:\/\/ddgro.eu\/de\/#organization\",\"name\":\"Deck-Dry Polska sp. z o.o.\",\"url\":\"https:\/\/ddgro.eu\/de\/\",\"logo\":{\"@type\":\"ImageObject\",\"inLanguage\":\"de-DE\",\"@id\":\"https:\/\/ddgro.eu\/de\/#\/schema\/logo\/image\/\",\"url\":\"https:\/\/ddgro.eu\/wp-content\/uploads\/2018\/05\/logo-nowe-dd.png\",\"contentUrl\":\"https:\/\/ddgro.eu\/wp-content\/uploads\/2018\/05\/logo-nowe-dd.png\",\"width\":\"343\",\"height\":\"72\",\"caption\":\"Deck-Dry Polska sp. z o.o.\"},\"image\":{\"@id\":\"https:\/\/ddgro.eu\/de\/#\/schema\/logo\/image\/\"},\"sameAs\":[\"https:\/\/www.facebook.com\/ddpedestals\",\"https:\/\/www.linkedin.com\/company\/dd-pedestals\/\",\"https:\/\/www.instagram.com\/ddpedestals\/\"]}]}<\/script>\n<!-- \/ Yoast SEO plugin. -->","yoast_head_json":{"title":"Blende f\u00fcr Terrassen | DD Group","description":"Blende f\u00fcr Terrassen zum Abschluss der Seiten von Doppelboden-Terrassen. Ideal f\u00fcr die Anbringung mit Klebstoff, Haken und zum sauberen Abschluss der Kanten.","robots":{"index":"index","follow":"follow","max-snippet":"max-snippet:-1","max-image-preview":"max-image-preview:large","max-video-preview":"max-video-preview:-1"},"canonical":"https:\/\/ddgro.eu\/de\/universalplatte-fur-terrassen-abdeckplatten\/","og_locale":"de_DE","og_type":"article","og_title":"Blende f\u00fcr Terrassen | DD Group","og_description":"Blende f\u00fcr Terrassen zum Abschluss der Seiten von Doppelboden-Terrassen. Ideal f\u00fcr die Anbringung mit Klebstoff, Haken und zum sauberen Abschluss der Kanten.","og_url":"https:\/\/ddgro.eu\/de\/universalplatte-fur-terrassen-abdeckplatten\/","og_site_name":"DD GROUP","article_publisher":"https:\/\/www.facebook.com\/ddpedestals","article_modified_time":"2024-06-10T13:12:56+00:00","schema":{"@context":"https:\/\/schema.org","@graph":[{"@type":"WebPage","@id":"https:\/\/ddgro.eu\/de\/universalplatte-fur-terrassen-abdeckplatten\/","url":"https:\/\/ddgro.eu\/de\/universalplatte-fur-terrassen-abdeckplatten\/","name":"Blende f\u00fcr Terrassen | DD Group","isPartOf":{"@id":"https:\/\/ddgro.eu\/de\/#website"},"datePublished":"2022-08-19T10:37:09+00:00","dateModified":"2024-06-10T13:12:56+00:00","description":"Blende f\u00fcr Terrassen zum Abschluss der Seiten von Doppelboden-Terrassen. Ideal f\u00fcr die Anbringung mit Klebstoff, Haken und zum sauberen Abschluss der Kanten.","breadcrumb":{"@id":"https:\/\/ddgro.eu\/de\/universalplatte-fur-terrassen-abdeckplatten\/#breadcrumb"},"inLanguage":"de-DE","potentialAction":[{"@type":"ReadAction","target":["https:\/\/ddgro.eu\/de\/universalplatte-fur-terrassen-abdeckplatten\/"]}]},{"@type":"BreadcrumbList","@id":"https:\/\/ddgro.eu\/de\/universalplatte-fur-terrassen-abdeckplatten\/#breadcrumb","itemListElement":[{"@type":"ListItem","position":1,"name":"Startseite","item":"https:\/\/ddgro.eu\/de\/"},{"@type":"ListItem","position":2,"name":"Blende f\u00fcr Terrassen"}]},{"@type":"WebSite","@id":"https:\/\/ddgro.eu\/de\/#website","url":"https:\/\/ddgro.eu\/de\/","name":"DD GROUP","description":"","publisher":{"@id":"https:\/\/ddgro.eu\/de\/#organization"},"potentialAction":[{"@type":"SearchAction","target":{"@type":"EntryPoint","urlTemplate":"https:\/\/ddgro.eu\/de\/?s={search_term_string}"},"query-input":"required name=search_term_string"}],"inLanguage":"de-DE"},{"@type":"Organization","@id":"https:\/\/ddgro.eu\/de\/#organization","name":"Deck-Dry Polska sp. z o.o.","url":"https:\/\/ddgro.eu\/de\/","logo":{"@type":"ImageObject","inLanguage":"de-DE","@id":"https:\/\/ddgro.eu\/de\/#\/schema\/logo\/image\/","url":"https:\/\/ddgro.eu\/wp-content\/uploads\/2018\/05\/logo-nowe-dd.png","contentUrl":"https:\/\/ddgro.eu\/wp-content\/uploads\/2018\/05\/logo-nowe-dd.png","width":"343","height":"72","caption":"Deck-Dry Polska sp. z o.o."},"image":{"@id":"https:\/\/ddgro.eu\/de\/#\/schema\/logo\/image\/"},"sameAs":["https:\/\/www.facebook.com\/ddpedestals","https:\/\/www.linkedin.com\/company\/dd-pedestals\/","https:\/\/www.instagram.com\/ddpedestals\/"]}]}},"_links":{"self":[{"href":"https:\/\/ddgro.eu\/de\/wp-json\/wp\/v2\/pages\/68858"}],"collection":[{"href":"https:\/\/ddgro.eu\/de\/wp-json\/wp\/v2\/pages"}],"about":[{"href":"https:\/\/ddgro.eu\/de\/wp-json\/wp\/v2\/types\/page"}],"author":[{"embeddable":true,"href":"https:\/\/ddgro.eu\/de\/wp-json\/wp\/v2\/users\/2"}],"replies":[{"embeddable":true,"href":"https:\/\/ddgro.eu\/de\/wp-json\/wp\/v2\/comments?post=68858"}],"version-history":[{"count":3,"href":"https:\/\/ddgro.eu\/de\/wp-json\/wp\/v2\/pages\/68858\/revisions"}],"predecessor-version":[{"id":123384,"href":"https:\/\/ddgro.eu\/de\/wp-json\/wp\/v2\/pages\/68858\/revisions\/123384"}],"wp:attachment":[{"href":"https:\/\/ddgro.eu\/de\/wp-json\/wp\/v2\/media?parent=68858"}],"wp:term":[{"taxonomy":"folder","embeddable":true,"href":"https:\/\/ddgro.eu\/de\/wp-json\/wp\/v2\/folder?post=68858"}],"curies":[{"name":"wp","href":"https:\/\/api.w.org\/{rel}","templated":true}]}}