{"id":47489,"date":"2021-01-28T11:02:41","date_gmt":"2021-01-28T10:02:41","guid":{"rendered":"https:\/\/ddgro.eu\/pliki-dla-dystrybutorow-pl\/"},"modified":"2024-06-07T12:59:04","modified_gmt":"2024-06-07T10:59:04","slug":"distributor-dateien","status":"publish","type":"page","link":"https:\/\/ddgro.eu\/de\/distributor-dateien\/","title":{"rendered":"Pliki dla dystrybutor\u00f3w DE"},"content":{"rendered":"","protected":true},"excerpt":{"rendered":"","protected":true},"author":7,"featured_media":0,"parent":0,"menu_order":0,"comment_status":"closed","ping_status":"closed","template":"","meta":{"_acf_changed":false,"footnotes":""},"folder":[],"acf":[],"yoast_head":"<!-- This site is optimized with the Yoast SEO plugin v22.2 - https:\/\/yoast.com\/wordpress\/plugins\/seo\/ -->\n<title>Dateien f\u00fcr Vertriebspartner | DD Group<\/title>\n<meta name=\"description\" content=\"Entdecken Sie unsere Dateien f\u00fcr Vertriebspartner. Laden Sie wichtige Dokumente, technische Spezifikationen und Marketingmaterialien f\u00fcr Ihr Gesch\u00e4ft herunter.\" \/>\n<meta name=\"robots\" content=\"noindex, follow\" \/>\n<meta property=\"og:locale\" content=\"de_DE\" \/>\n<meta property=\"og:type\" content=\"article\" \/>\n<meta property=\"og:title\" content=\"Dateien f\u00fcr Vertriebspartner | DD Group\" \/>\n<meta property=\"og:description\" content=\"Entdecken Sie unsere Dateien f\u00fcr Vertriebspartner. Laden Sie wichtige Dokumente, technische Spezifikationen und Marketingmaterialien f\u00fcr Ihr Gesch\u00e4ft herunter.\" \/>\n<meta property=\"og:url\" content=\"https:\/\/ddgro.eu\/de\/distributor-dateien\/\" \/>\n<meta property=\"og:site_name\" content=\"DD GROUP\" \/>\n<meta property=\"article:publisher\" content=\"https:\/\/www.facebook.com\/ddpedestals\" \/>\n<meta property=\"article:modified_time\" content=\"2024-06-07T10:59:04+00:00\" \/>\n<script type=\"application\/ld+json\" class=\"yoast-schema-graph\">{\"@context\":\"https:\/\/schema.org\",\"@graph\":[{\"@type\":\"WebPage\",\"@id\":\"https:\/\/ddgro.eu\/de\/distributor-dateien\/\",\"url\":\"https:\/\/ddgro.eu\/de\/distributor-dateien\/\",\"name\":\"Dateien f\u00fcr Vertriebspartner | DD Group\",\"isPartOf\":{\"@id\":\"https:\/\/ddgro.eu\/de\/#website\"},\"datePublished\":\"2021-01-28T10:02:41+00:00\",\"dateModified\":\"2024-06-07T10:59:04+00:00\",\"breadcrumb\":{\"@id\":\"https:\/\/ddgro.eu\/de\/distributor-dateien\/#breadcrumb\"},\"inLanguage\":\"de-DE\"},{\"@type\":\"WebSite\",\"@id\":\"https:\/\/ddgro.eu\/de\/#website\",\"url\":\"https:\/\/ddgro.eu\/de\/\",\"name\":\"DD GROUP\",\"description\":\"\",\"publisher\":{\"@id\":\"https:\/\/ddgro.eu\/de\/#organization\"},\"potentialAction\":[{\"@type\":\"SearchAction\",\"target\":{\"@type\":\"EntryPoint\",\"urlTemplate\":\"https:\/\/ddgro.eu\/de\/?s={search_term_string}\"},\"query-input\":\"required name=search_term_string\"}],\"inLanguage\":\"de-DE\"},{\"@type\":\"Organization\",\"@id\":\"https:\/\/ddgro.eu\/de\/#organization\",\"name\":\"Deck-Dry Polska sp. z o.o.\",\"url\":\"https:\/\/ddgro.eu\/de\/\",\"logo\":{\"@type\":\"ImageObject\",\"inLanguage\":\"de-DE\",\"@id\":\"https:\/\/ddgro.eu\/de\/#\/schema\/logo\/image\/\",\"url\":\"https:\/\/ddgro.eu\/wp-content\/uploads\/2018\/05\/logo-nowe-dd.png\",\"contentUrl\":\"https:\/\/ddgro.eu\/wp-content\/uploads\/2018\/05\/logo-nowe-dd.png\",\"width\":\"343\",\"height\":\"72\",\"caption\":\"Deck-Dry Polska sp. z o.o.\"},\"image\":{\"@id\":\"https:\/\/ddgro.eu\/de\/#\/schema\/logo\/image\/\"},\"sameAs\":[\"https:\/\/www.facebook.com\/ddpedestals\",\"https:\/\/www.linkedin.com\/company\/dd-pedestals\/\",\"https:\/\/www.instagram.com\/ddpedestals\/\"]}]}<\/script>\n<!-- \/ Yoast SEO plugin. -->","yoast_head_json":{"title":"Dateien f\u00fcr Vertriebspartner | DD Group","description":"Entdecken Sie unsere Dateien f\u00fcr Vertriebspartner. Laden Sie wichtige Dokumente, technische Spezifikationen und Marketingmaterialien f\u00fcr Ihr Gesch\u00e4ft herunter.","robots":{"index":"noindex","follow":"follow"},"og_locale":"de_DE","og_type":"article","og_title":"Dateien f\u00fcr Vertriebspartner | DD Group","og_description":"Entdecken Sie unsere Dateien f\u00fcr Vertriebspartner. Laden Sie wichtige Dokumente, technische Spezifikationen und Marketingmaterialien f\u00fcr Ihr Gesch\u00e4ft herunter.","og_url":"https:\/\/ddgro.eu\/de\/distributor-dateien\/","og_site_name":"DD GROUP","article_publisher":"https:\/\/www.facebook.com\/ddpedestals","article_modified_time":"2024-06-07T10:59:04+00:00","schema":{"@context":"https:\/\/schema.org","@graph":[{"@type":"WebPage","@id":"https:\/\/ddgro.eu\/de\/distributor-dateien\/","url":"https:\/\/ddgro.eu\/de\/distributor-dateien\/","name":"Dateien f\u00fcr Vertriebspartner | DD Group","isPartOf":{"@id":"https:\/\/ddgro.eu\/de\/#website"},"datePublished":"2021-01-28T10:02:41+00:00","dateModified":"2024-06-07T10:59:04+00:00","breadcrumb":{"@id":"https:\/\/ddgro.eu\/de\/distributor-dateien\/#breadcrumb"},"inLanguage":"de-DE"},{"@type":"WebSite","@id":"https:\/\/ddgro.eu\/de\/#website","url":"https:\/\/ddgro.eu\/de\/","name":"DD GROUP","description":"","publisher":{"@id":"https:\/\/ddgro.eu\/de\/#organization"},"potentialAction":[{"@type":"SearchAction","target":{"@type":"EntryPoint","urlTemplate":"https:\/\/ddgro.eu\/de\/?s={search_term_string}"},"query-input":"required name=search_term_string"}],"inLanguage":"de-DE"},{"@type":"Organization","@id":"https:\/\/ddgro.eu\/de\/#organization","name":"Deck-Dry Polska sp. z o.o.","url":"https:\/\/ddgro.eu\/de\/","logo":{"@type":"ImageObject","inLanguage":"de-DE","@id":"https:\/\/ddgro.eu\/de\/#\/schema\/logo\/image\/","url":"https:\/\/ddgro.eu\/wp-content\/uploads\/2018\/05\/logo-nowe-dd.png","contentUrl":"https:\/\/ddgro.eu\/wp-content\/uploads\/2018\/05\/logo-nowe-dd.png","width":"343","height":"72","caption":"Deck-Dry Polska sp. z o.o."},"image":{"@id":"https:\/\/ddgro.eu\/de\/#\/schema\/logo\/image\/"},"sameAs":["https:\/\/www.facebook.com\/ddpedestals","https:\/\/www.linkedin.com\/company\/dd-pedestals\/","https:\/\/www.instagram.com\/ddpedestals\/"]}]}},"_links":{"self":[{"href":"https:\/\/ddgro.eu\/de\/wp-json\/wp\/v2\/pages\/47489"}],"collection":[{"href":"https:\/\/ddgro.eu\/de\/wp-json\/wp\/v2\/pages"}],"about":[{"href":"https:\/\/ddgro.eu\/de\/wp-json\/wp\/v2\/types\/page"}],"author":[{"embeddable":true,"href":"https:\/\/ddgro.eu\/de\/wp-json\/wp\/v2\/users\/7"}],"replies":[{"embeddable":true,"href":"https:\/\/ddgro.eu\/de\/wp-json\/wp\/v2\/comments?post=47489"}],"version-history":[{"count":1,"href":"https:\/\/ddgro.eu\/de\/wp-json\/wp\/v2\/pages\/47489\/revisions"}],"predecessor-version":[{"id":123355,"href":"https:\/\/ddgro.eu\/de\/wp-json\/wp\/v2\/pages\/47489\/revisions\/123355"}],"wp:attachment":[{"href":"https:\/\/ddgro.eu\/de\/wp-json\/wp\/v2\/media?parent=47489"}],"wp:term":[{"taxonomy":"folder","embeddable":true,"href":"https:\/\/ddgro.eu\/de\/wp-json\/wp\/v2\/folder?post=47489"}],"curies":[{"name":"wp","href":"https:\/\/api.w.org\/{rel}","templated":true}]}}