{"id":29862,"date":"2018-09-12T16:39:01","date_gmt":"2018-09-12T14:39:01","guid":{"rendered":"https:\/\/ddgro.eu\/?page_id=29862"},"modified":"2024-04-08T16:17:24","modified_gmt":"2024-04-08T14:17:24","slug":"vertraulichkeitspolitik","status":"publish","type":"page","link":"https:\/\/ddgro.eu\/de\/vertraulichkeitspolitik\/","title":{"rendered":"Vertraulichkeitspolitik"},"content":{"rendered":"\n<p><strong><br>Sehr geehrter Nutzer!<\/strong><\/p>\n\n\n\n<p>Diese Vertraulichkeitspolitik bezweckt, Sie zu informieren, auf welche Weise die Daten genutzt werden, die w\u00e4hrend Ihrer Besuche auf unserer Internetseite gesammelt werden. Sie dient dazu, Ihnen die Informationen zu \u00fcbermitteln, von denen im Art. 13 der Verordnung des Europ\u00e4ischen Parlaments und des Rates (EU) 2016\/679 vom 27. April 2016 \u00fcber den Schutz nat\u00fcrlicher Personen bei der Verarbeitung personenbezogener Daten und den freien Datenverkehr sowie die Aufhebung der Richtlinie 95\/46\/WE die Rede ist, (Grunddatenschutzverordnung), nachstehend \u201eDSGVO\u201d genannt, die seit dem 25. Mai 2018 gilt.<\/p>\n\n\n\n<h3 class=\"wp-block-heading\"><strong>Wer ist Administrator Ihrer personenbezogenen Daten?<\/strong><\/h3>\n\n\n\n<p>Administrator Ihrer personenbezogenen Daten ist \u201eDECK-DRY\u201c Gesellschaft mit beschr\u00e4nkter Haftung, ul.&nbsp;Abrahama 48, 80-307 Gda\u0144sk-Oliwa, eingetragen im Nationalen Gerichtsregister am Amtsgericht am Kreisgericht Gda\u0144sk \u2013 P\u00f3\u0142noc, VII. Wirtschaftsabteilung des Nationalen Gerichtsregisters, unter der Nummer KRS0000241286, REGON: 191118644, NIP (St.-Nr.): 5841183361. In allen Fragen, welche den Datenschutz betreffen, k\u00f6nnen Sie sich mit uns per E-Mail unter folgenden Adresse in Verbindung setzen:&nbsp;<a href=\"mailto:service@ddpedestals.eu\">service@ddpedestals.eu<\/a>&nbsp;oder per Post an die Anschrift: \u201eDECK-DRY\u201c Sp. z&nbsp;o.o., ul.&nbsp;Abrahama 48, 80-307 Gda\u0144sk-Oliwa.<\/p>\n\n\n\n<h3 class=\"wp-block-heading\"><strong>Zu welchem Zweck sammeln wir Ihre Daten und auf welcher Grundlage nutzen wir sie?<\/strong><\/h3>\n\n\n\n<p>Ihre personenbezogenen Daten sind uns n\u00f6tig und werden von uns zum folgenden Zweck verarbeitet:<\/p>\n\n\n\n<ol><li>Erteilung von Antworten auf Nachrichten, die uns \u00fcber das Kontaktformular auf unserer Internetseite zugesendet werden. Die rechtliche Grundlage der Datenverarbeitung stellt dann die Zustimmung dar, die Sie bei der Sendung der Nachricht erteilt haben. (Art. 6 Abs. 1 Pkt. a&nbsp;DSGVO),<\/li><li>Newsletter-Service. Die rechtliche Grundlage stellt dann Ihre Zustimmung dar, die sie bei der Anmeldung f\u00fcr den Newsletter erteilt haben. (Art. 6 Abs. 1 Pkt. a&nbsp;DSGVO),<\/li><li>f\u00fcr analytische Untersuchungen, die insbesondere auf der Untersuchung und Analyse des Verkehrs auf unserer Internetseite, auf der Markt- und Meinungsforschung beruhen. Dieses Ziel ist durch unser rechtliches Interesse begr\u00fcndet und die rechtliche Grundlage der Datenverarbeitung ist der Art. 6 Abs. 1 Pkt. f DSGVO.<\/li><li>Schutz der Session-Sicherheit und Session-qualit\u00e4t sowie Zurverf\u00fcgungstellung aller Funktionen unserer Internetseite. Dieses Ziel ist durch unser rechtliches Interesse begr\u00fcndet und die rechtliche Grundlage der Datenverarbeitung ist der Art. 6 Abs. 1 Pkt. f DSGVO.<\/li><li>Direktmarketing unserer Dienstleistungen und Produkte. Dieses Ziel ist auch durch unser rechtliches Interesse begr\u00fcndet und die rechtliche Grundlage der Datenverarbeitung ist der Art. 6 Abs. 1 Pkt. f DSGVO.<\/li><\/ol>\n\n\n\n<h3 class=\"wp-block-heading\"><strong>Welche personenbezogenen Daten verarbeiten wir?<\/strong><\/h3>\n\n\n\n<p><strong>W\u00e4hrend Ihres Besuches auf unserer Webseite verarbeiten wir folgende personenbezogene Daten:<\/strong><\/p>\n\n\n\n<ul><li><strong>freiwillig angegebene Daten<\/strong><\/li><\/ul>\n\n\n\n<p>Innerhalb unserer Internetseite stellen wir ein Kontaktformular zur Verf\u00fcgung, das Ihnen erm\u00f6glicht, uns eine Nachricht zu \u00fcbersenden. Im Zusammenhang mit der \u00dcbersendung der Nachricht verarbeiten wir Ihren Namen und Ihre E-Mail-Adresse. Im Zusammenhang mit der Newsletter-Dienstleistung verarbeiten wir Ihre E-Mail-Adresse.<\/p>\n\n\n\n<ul><li><strong>automatisch gesammelte Daten<\/strong><\/li><\/ul>\n\n\n\n<p>Wenn Sie unsere Webseite besuchen, sammeln wir solche Informationen wie: Ihre IP Adresse, URL-Adresse, Ger\u00e4te-Identifikator, die auf einzelnen Seiten verbrachte Zeit, Browsertyp, Browsersprache, Datum und Uhrzeit der Service-Nutzung, Aufl\u00f6sung des Bildschirms, Typ und Version des Betriebssystems, sowie andere Informationen dieses Typs.<\/p>\n\n\n\n<h3 class=\"wp-block-heading\"><strong>Ist die Angabe personenbezogener Daten Pflicht?<\/strong><\/h3>\n\n\n\n<p>Die Angabe personenbezogener Daten ist vollkommen freiwillig. Aber in einer Situation, wenn die Grundlage der Verarbeitung eine Zustimmung ist, hindert uns das Fehlen davon, die Ma\u00dfnahmen zu treffen, auf die sich diese Zustimmung bezieht.&nbsp;&nbsp;Die erkl\u00e4rte Zustimmung kann jederzeit zur\u00fcckgezogen werden, aber das hat keinen Einfluss auf die Rechtm\u00e4\u00dfigkeit der Verarbeitung Ihrer personenbezogenen Daten, die wir aufgrund Ihrer Zustimmung vorgenommen hatten, bevor die Zustimmung zur\u00fcckgezogen wurde.<\/p>\n\n\n\n<h3 class=\"wp-block-heading\"><strong>Wie lange bewahren wir Ihre Daten auf?<\/strong><\/h3>\n\n\n\n<p>Ihre personenbezogenen Daten verarbeiten wir, bis Sie Ihre Zustimmung dazu zur\u00fcckziehen, Einspruch dagegen erheben oder die Beseitigung Ihrer Daten verlangen.<\/p>\n\n\n\n<h3 class=\"wp-block-heading\"><strong>Was sind Cookies?<\/strong><\/h3>\n\n\n\n<p>\u201eCookies\u201c sind IT-Daten, insbesondere die Textdateien, welche auf dem &nbsp;Endger\u00e4t des Benutzers gespeichert werden und zur Nutzung der Webseiten bestimmt sind. Cookies enthalten gew\u00f6hnlicherweise die Bezeichnung der Webseite, aus der sie kommen, die Aufbewahrungszeit auf dem Endger\u00e4t sowie eine einmalige Nummer.&nbsp;<\/p>\n\n\n\n<p><strong>Die Cookies-Dateien werden zu folgenden Zwecken genutzt:<\/strong><\/p>\n\n\n\n<ol><li>Erkennung des verwendeten Ger\u00e4tes, um den Inhalt der Webseite entsprechend zu pr\u00e4sentieren.,<\/li><li>Bildung von Statistiken, welche verstehen helfen, auf welche Art und Weise die Benutzer die Webseite nutzen, was erm\u00f6glicht, ihre Struktur und Inhalte zu verbessern,<\/li><li>Anpassung der Inhalte und Funktionierung der Internetseite durch Anpassung des anonymen, zuf\u00e4llig generierten Beobachtungsidentifikators, dank dessen u.a. m\u00f6glich ist zu \u00fcberpr\u00fcfen, woher der Nutzer kommt, welchen Browser er nutzt welche Links er anklickte, welche Schl\u00fcsselworte er eintrug sowie zu welchem Zeitpunkt er aufh\u00f6rte, die Internetseite zu benutzen,<\/li><li>Sammlung von allgemeinen und anonymen Daten f\u00fcr die Durchf\u00fchrung von Werbeaktionen aufgrund der Remarketinglisten, die erlauben, Werbeinhalte zu pr\u00e4sentieren, die an die Pr\u00e4ferenzen des Nutzers angepasst sind.<\/li><\/ol>\n\n\n\n<p>Internetbrowser lassen gew\u00f6hnlicherweise die Aufbewahrung der Cookies-Dateien auf dem Endger\u00e4t des Nutzers standartm\u00e4\u00dfig zu. Sie k\u00f6nnen eine \u00c4nderung der Einstellungen in diesem Bereich vornehmen. Webbrowser erm\u00f6glichen die L\u00f6schung der gespeicherten Cookies-Dateien sowie ihr automatisches Blockieren. Detaillierte Informationen dar\u00fcber finden Sie unter Hilfe oder in der Browserdokumentation.<\/p>\n\n\n\n<h3 class=\"wp-block-heading\"><strong>Welche Rechte haben Sie?<\/strong><\/h3>\n\n\n\n<p>Im Zusammenhang mit der Verarbeitung Ihrer personenbezogenen Daten von uns, steht Ihnen eine Reihe von Rechten zu. Jedes Recht k\u00f6nnen Sie geltend machen, indem Sie uns per E-Mail unter der Adresse: service@ddpedestals.eu kontaktieren, oder per Post an die Anschrift: \u201eDECK-DRY\u201c Sp. z&nbsp;o.o., ul.&nbsp;Abrahama 48, 80-307 Gda\u0144sk-Oliwa.<\/p>\n\n\n\n<p><strong>Folgende Rechte stehen Ihnen zu:<\/strong><\/p>\n\n\n\n<ol><li>das Recht auf Zugang zu eigenen personenbezogenen Daten, auf ihre Berichtigung, L\u00f6schung sowie Einschr\u00e4nkung ihrer Verarbeitung. Im Umfang, in dem die Grundlage der Datenverarbeitung unser rechtlich begr\u00fcndetes Interesse ist, haben Sie das Recht, gegen Verarbeitung von Ihren personenbezogene Daten Einspruch zu erheben,<\/li><li>Im Umfang, in dem die Grundlage der Datenverarbeitung Ihre Zustimmung ist, haben Sie das Recht, die Zustimmung zur\u00fcckzuziehen. Das Zur\u00fcckziehen Ihrer Zustimmung hat keinen Einfluss auf die Rechtsm\u00e4\u00dfigkeit der Datenverarbeitung, die aufgrund einer vorherigen Zustimmung erfolgte.<\/li><li>Im Umfang, in dem die Grundlage der Datenverarbeitung Ihre Zustimmung ist, haben Sie auch das Recht, Ihre Daten \u00fcbertragen zu lassen, d.h. von uns zu verlangen, dass wir Ihnen Ihre personenbezogenen Daten in einem strukturierten, allgemein g\u00e4ngigen Format \u00fcbermitteln,<\/li><li>Sie haben das Recht, Beschwerde bei einer zust\u00e4ndigen Beh\u00f6rde einzureichen, die sich mit der Verarbeitung personenbezogener Daten befasst, immer wenn Sie anerkennen, dass die Verarbeitung personenbezogener Daten Ihre Rechte verletzt.<\/li><\/ol>\n\n\n\n<h3 class=\"wp-block-heading\"><strong>An wen \u00fcbergeben wir Ihre personenbezogenen Daten?<\/strong><\/h3>\n\n\n\n<p>Ihre personenbezogenen Daten k\u00f6nnen an diejenigen Subjekte \u00fcbergeben werden, denen wir die Daten zur Verarbeitung aufgrund von entsprechenden Vertr\u00e4gen \u00fcbergeben, sowie an die Subjekte, die zur Gewinnung personenbezogener Daten aufgrund von Rechtsvorschriften berechtigt sind. Ihre personenbezogenen Daten \u00fcbergeben wir auch unseren berechtigten Angestellten und Mitarbeitern, damit sie ihre Pflichten erf\u00fcllen k\u00f6nnen.<\/p>\n\n\n\n<p>Um den Newsletter-Dienst zu leisten, verarbeiten wir Ihre Daten mit dem Werkzeug, dessen Lieferant The Rocket Science Group LLC d\/b\/a Mailchimp mit Sitz in den Vereinigten Staaten ist. Falls Ihre personenbezogenen Daten in die Staaten au\u00dferhalb der Europ\u00e4ischen Union \u00fcbertragen werden, werden sie ausschlie\u00dflich den Subjekten \u00fcbergeben, die sich am Datenschutzschild EU-USA beteiligen, der mit einem Beschluss der Europ\u00e4ischen Kommission als ein Regelwerk&nbsp; aufgestellt wurde, das einen entsprechenden Schutz Ihrer Vertraulichkeit garantiert.<\/p>\n\n\n\n<p>Im Zusammenhang mit dem Betreiben der Webseite, um sie zu verbessern sowie Untersuchungen und Analysen zu f\u00fchren, nutzen wir auch Dienste und Werkzeuge anderer Subjekte. Ihre personenbezogenen Daten, die automatisch w\u00e4hrend Ihres Besuches auf unserer Webseite gesammelt werden, analysieren wir unter Verwendung folgender Werkzeuge:<\/p>\n\n\n\n<ul><li><strong>Google Analitycs<\/strong><\/li><\/ul>\n\n\n\n<p>Die Informationen, die automatisch w\u00e4hrend des Besuches des Nutzers im Internetservice gesammelt werden, werden unter Verwendung des Werkzeugs Google Analytics ausgewertet, das von Google LLC bereitgestellt wird. Die Informationen \u00fcber die Nutzung des Internetservices (einschlie\u00dflich der IP-Adresse), werden an Google \u00fcbergeben und auf den Servern in den Vereinigten Staaten aufbewahrt. Detaillierte Grundlagen der Vertraulichkeitspolitik Google Analytics (darunter die Information, auf welche Weise das Sammeln von Daten gesperrt werden kann), befinden sich auf der folgenden Webseite:&nbsp;<a href=\"https:\/\/www.google.com\/analytics\">https:\/\/www.google.com\/analytics<\/a>.<\/p>\n\n\n\n<ul><li><strong>HotJar<\/strong><\/li><\/ul>\n\n\n\n<p>Wir nutzen das Marketingwerkzeug HotJar, das von der Hotjar Ltd. bereitgestellt wird. HotJar ist ein Werkzeug, das das Nutzerverhallten auf einer Internetseite beobachtet und speichert. Dieses Werkzeug registriert Daten in Bezug auf das Verhalten der Nutzer wie: Navigation, Scrollen, Cursorbewegungen. Detaillierte Grundlagen der Vertraulichkeitspolitik HotJar (darunter die Information, auf welche Weise das Sammeln von Daten gesperrt werden kann), befinden sich auf der folgenden Webseite:&nbsp;<a href=\"https:\/\/www.hotjar.com\/\">https:\/\/www.hotjar.com<\/a>.<\/p>\n\n\n\n<ul><li><strong>Facebook Pixel<\/strong><\/li><\/ul>\n\n\n\n<p>Wir nutzen das Marketingwerkzeug Facebook Pixel bereitgestellt von Facebook Inc. Facebook Pixel sammelt Informationen \u00fcber Verhalten der Nutzer im Internetservice und pr\u00e4sentiert auf dieser Grundlage die entsprechende Werbung im Facebook-Service. Die auf diese Weise gesammelten Informationen werden von Facebook Inc. gesammelt und auf den Servern in der Vereinigten Staaten gespeichert. Detaillierte Grundlagen der Vertraulichkeitspolitik von Facebook (darunter die Information, auf welche Weise das Sammeln von Daten gesperrt werden kann), befinden sich auf der folgenden Webseite:&nbsp;<a href=\"https:\/\/www.facebook.com\/privacy\/explanation\">https:\/\/www.facebook.com\/privacy\/explanation<\/a>.<\/p>\n\n\n\n<h3 class=\"wp-block-heading\"><strong>Werden meine Daten profiliert?<\/strong><\/h3>\n\n\n\n<p>Ihre personenbezogenen Daten werden keinen Prozessen unterzogen, durch die zum automatisierten Entscheiden kommen k\u00f6nnte, darunter zur Profilierung.<\/p>\n","protected":false},"excerpt":{"rendered":"<p>Sehr geehrter Nutzer! Diese Vertraulichkeitspolitik bezweckt, Sie zu informieren, auf welche Weise die Daten genutzt werden, die w\u00e4hrend Ihrer Besuche auf unserer Internetseite gesammelt werden. Sie dient dazu, Ihnen die Informationen zu \u00fcbermitteln, von denen im Art. 13 der Verordnung des Europ\u00e4ischen Parlaments und des Rates (EU) 2016\/679 vom 27. April 2016 \u00fcber den Schutz [&hellip;]<\/p>\n","protected":false},"author":7,"featured_media":0,"parent":0,"menu_order":0,"comment_status":"open","ping_status":"closed","template":"","meta":{"_acf_changed":false,"footnotes":""},"folder":[],"acf":[],"yoast_head":"<!-- This site is optimized with the Yoast SEO plugin v22.2 - https:\/\/yoast.com\/wordpress\/plugins\/seo\/ -->\n<title>Vertraulichkeitspolitik \u2022\u2022\u2022 DD Pedestals<\/title>\n<meta name=\"description\" content=\"Sehr geehrter Nutzer! Diese Vertraulichkeitspolitik bezweckt, Sie zu informieren, auf welche Weise die Daten genutzt werden, die w\u00e4hrend Ihrer Besuche auf \u2022\u2022\u2022 DD Group\" \/>\n<meta name=\"robots\" content=\"noindex, follow\" \/>\n<meta property=\"og:locale\" content=\"de_DE\" \/>\n<meta property=\"og:type\" content=\"article\" \/>\n<meta property=\"og:title\" content=\"Vertraulichkeitspolitik \u2022\u2022\u2022 DD Pedestals\" \/>\n<meta property=\"og:description\" content=\"Sehr geehrter Nutzer! Diese Vertraulichkeitspolitik bezweckt, Sie zu informieren, auf welche Weise die Daten genutzt werden, die w\u00e4hrend Ihrer Besuche auf \u2022\u2022\u2022 DD Group\" \/>\n<meta property=\"og:url\" content=\"https:\/\/ddgro.eu\/de\/vertraulichkeitspolitik\/\" \/>\n<meta property=\"og:site_name\" content=\"DD GROUP\" \/>\n<meta property=\"article:publisher\" content=\"https:\/\/www.facebook.com\/ddpedestals\" \/>\n<meta property=\"article:modified_time\" content=\"2024-04-08T14:17:24+00:00\" \/>\n<meta name=\"twitter:label1\" content=\"Gesch\u00e4tzte Lesezeit\" \/>\n\t<meta name=\"twitter:data1\" content=\"7 Minuten\" \/>\n<script type=\"application\/ld+json\" class=\"yoast-schema-graph\">{\"@context\":\"https:\/\/schema.org\",\"@graph\":[{\"@type\":\"WebPage\",\"@id\":\"https:\/\/ddgro.eu\/de\/vertraulichkeitspolitik\/\",\"url\":\"https:\/\/ddgro.eu\/de\/vertraulichkeitspolitik\/\",\"name\":\"Vertraulichkeitspolitik \u2022\u2022\u2022 DD Pedestals\",\"isPartOf\":{\"@id\":\"https:\/\/ddgro.eu\/de\/#website\"},\"datePublished\":\"2018-09-12T14:39:01+00:00\",\"dateModified\":\"2024-04-08T14:17:24+00:00\",\"description\":\"Sehr geehrter Nutzer! Diese Vertraulichkeitspolitik bezweckt, Sie zu informieren, auf welche Weise die Daten genutzt werden, die w\u00e4hrend Ihrer Besuche auf \u2022\u2022\u2022 DD Group\",\"breadcrumb\":{\"@id\":\"https:\/\/ddgro.eu\/de\/vertraulichkeitspolitik\/#breadcrumb\"},\"inLanguage\":\"de-DE\",\"potentialAction\":[{\"@type\":\"ReadAction\",\"target\":[\"https:\/\/ddgro.eu\/de\/vertraulichkeitspolitik\/\"]}]},{\"@type\":\"BreadcrumbList\",\"@id\":\"https:\/\/ddgro.eu\/de\/vertraulichkeitspolitik\/#breadcrumb\",\"itemListElement\":[{\"@type\":\"ListItem\",\"position\":1,\"name\":\"Startseite\",\"item\":\"https:\/\/ddgro.eu\/de\/\"},{\"@type\":\"ListItem\",\"position\":2,\"name\":\"Vertraulichkeitspolitik\"}]},{\"@type\":\"WebSite\",\"@id\":\"https:\/\/ddgro.eu\/de\/#website\",\"url\":\"https:\/\/ddgro.eu\/de\/\",\"name\":\"DD GROUP\",\"description\":\"\",\"publisher\":{\"@id\":\"https:\/\/ddgro.eu\/de\/#organization\"},\"potentialAction\":[{\"@type\":\"SearchAction\",\"target\":{\"@type\":\"EntryPoint\",\"urlTemplate\":\"https:\/\/ddgro.eu\/de\/?s={search_term_string}\"},\"query-input\":\"required name=search_term_string\"}],\"inLanguage\":\"de-DE\"},{\"@type\":\"Organization\",\"@id\":\"https:\/\/ddgro.eu\/de\/#organization\",\"name\":\"Deck-Dry Polska sp. z o.o.\",\"url\":\"https:\/\/ddgro.eu\/de\/\",\"logo\":{\"@type\":\"ImageObject\",\"inLanguage\":\"de-DE\",\"@id\":\"https:\/\/ddgro.eu\/de\/#\/schema\/logo\/image\/\",\"url\":\"https:\/\/ddgro.eu\/wp-content\/uploads\/2018\/05\/logo-nowe-dd.png\",\"contentUrl\":\"https:\/\/ddgro.eu\/wp-content\/uploads\/2018\/05\/logo-nowe-dd.png\",\"width\":\"343\",\"height\":\"72\",\"caption\":\"Deck-Dry Polska sp. z o.o.\"},\"image\":{\"@id\":\"https:\/\/ddgro.eu\/de\/#\/schema\/logo\/image\/\"},\"sameAs\":[\"https:\/\/www.facebook.com\/ddpedestals\",\"https:\/\/www.linkedin.com\/company\/dd-pedestals\/\",\"https:\/\/www.instagram.com\/ddpedestals\/\"]}]}<\/script>\n<!-- \/ Yoast SEO plugin. -->","yoast_head_json":{"title":"Vertraulichkeitspolitik \u2022\u2022\u2022 DD Pedestals","description":"Sehr geehrter Nutzer! Diese Vertraulichkeitspolitik bezweckt, Sie zu informieren, auf welche Weise die Daten genutzt werden, die w\u00e4hrend Ihrer Besuche auf \u2022\u2022\u2022 DD Group","robots":{"index":"noindex","follow":"follow"},"og_locale":"de_DE","og_type":"article","og_title":"Vertraulichkeitspolitik \u2022\u2022\u2022 DD Pedestals","og_description":"Sehr geehrter Nutzer! Diese Vertraulichkeitspolitik bezweckt, Sie zu informieren, auf welche Weise die Daten genutzt werden, die w\u00e4hrend Ihrer Besuche auf \u2022\u2022\u2022 DD Group","og_url":"https:\/\/ddgro.eu\/de\/vertraulichkeitspolitik\/","og_site_name":"DD GROUP","article_publisher":"https:\/\/www.facebook.com\/ddpedestals","article_modified_time":"2024-04-08T14:17:24+00:00","twitter_misc":{"Gesch\u00e4tzte Lesezeit":"7 Minuten"},"schema":{"@context":"https:\/\/schema.org","@graph":[{"@type":"WebPage","@id":"https:\/\/ddgro.eu\/de\/vertraulichkeitspolitik\/","url":"https:\/\/ddgro.eu\/de\/vertraulichkeitspolitik\/","name":"Vertraulichkeitspolitik \u2022\u2022\u2022 DD Pedestals","isPartOf":{"@id":"https:\/\/ddgro.eu\/de\/#website"},"datePublished":"2018-09-12T14:39:01+00:00","dateModified":"2024-04-08T14:17:24+00:00","description":"Sehr geehrter Nutzer! Diese Vertraulichkeitspolitik bezweckt, Sie zu informieren, auf welche Weise die Daten genutzt werden, die w\u00e4hrend Ihrer Besuche auf \u2022\u2022\u2022 DD Group","breadcrumb":{"@id":"https:\/\/ddgro.eu\/de\/vertraulichkeitspolitik\/#breadcrumb"},"inLanguage":"de-DE","potentialAction":[{"@type":"ReadAction","target":["https:\/\/ddgro.eu\/de\/vertraulichkeitspolitik\/"]}]},{"@type":"BreadcrumbList","@id":"https:\/\/ddgro.eu\/de\/vertraulichkeitspolitik\/#breadcrumb","itemListElement":[{"@type":"ListItem","position":1,"name":"Startseite","item":"https:\/\/ddgro.eu\/de\/"},{"@type":"ListItem","position":2,"name":"Vertraulichkeitspolitik"}]},{"@type":"WebSite","@id":"https:\/\/ddgro.eu\/de\/#website","url":"https:\/\/ddgro.eu\/de\/","name":"DD GROUP","description":"","publisher":{"@id":"https:\/\/ddgro.eu\/de\/#organization"},"potentialAction":[{"@type":"SearchAction","target":{"@type":"EntryPoint","urlTemplate":"https:\/\/ddgro.eu\/de\/?s={search_term_string}"},"query-input":"required name=search_term_string"}],"inLanguage":"de-DE"},{"@type":"Organization","@id":"https:\/\/ddgro.eu\/de\/#organization","name":"Deck-Dry Polska sp. z o.o.","url":"https:\/\/ddgro.eu\/de\/","logo":{"@type":"ImageObject","inLanguage":"de-DE","@id":"https:\/\/ddgro.eu\/de\/#\/schema\/logo\/image\/","url":"https:\/\/ddgro.eu\/wp-content\/uploads\/2018\/05\/logo-nowe-dd.png","contentUrl":"https:\/\/ddgro.eu\/wp-content\/uploads\/2018\/05\/logo-nowe-dd.png","width":"343","height":"72","caption":"Deck-Dry Polska sp. z o.o."},"image":{"@id":"https:\/\/ddgro.eu\/de\/#\/schema\/logo\/image\/"},"sameAs":["https:\/\/www.facebook.com\/ddpedestals","https:\/\/www.linkedin.com\/company\/dd-pedestals\/","https:\/\/www.instagram.com\/ddpedestals\/"]}]}},"_links":{"self":[{"href":"https:\/\/ddgro.eu\/de\/wp-json\/wp\/v2\/pages\/29862"}],"collection":[{"href":"https:\/\/ddgro.eu\/de\/wp-json\/wp\/v2\/pages"}],"about":[{"href":"https:\/\/ddgro.eu\/de\/wp-json\/wp\/v2\/types\/page"}],"author":[{"embeddable":true,"href":"https:\/\/ddgro.eu\/de\/wp-json\/wp\/v2\/users\/7"}],"replies":[{"embeddable":true,"href":"https:\/\/ddgro.eu\/de\/wp-json\/wp\/v2\/comments?post=29862"}],"version-history":[{"count":1,"href":"https:\/\/ddgro.eu\/de\/wp-json\/wp\/v2\/pages\/29862\/revisions"}],"predecessor-version":[{"id":115278,"href":"https:\/\/ddgro.eu\/de\/wp-json\/wp\/v2\/pages\/29862\/revisions\/115278"}],"wp:attachment":[{"href":"https:\/\/ddgro.eu\/de\/wp-json\/wp\/v2\/media?parent=29862"}],"wp:term":[{"taxonomy":"folder","embeddable":true,"href":"https:\/\/ddgro.eu\/de\/wp-json\/wp\/v2\/folder?post=29862"}],"curies":[{"name":"wp","href":"https:\/\/api.w.org\/{rel}","templated":true}]}}