{"id":115325,"date":"2024-04-08T22:25:45","date_gmt":"2024-04-08T20:25:45","guid":{"rendered":"https:\/\/ddgro.eu\/?page_id=115325"},"modified":"2024-06-07T13:46:14","modified_gmt":"2024-06-07T11:46:14","slug":"faqs","status":"publish","type":"page","link":"https:\/\/ddgro.eu\/de\/faqs\/","title":{"rendered":"FAQ"},"content":{"rendered":"","protected":false},"excerpt":{"rendered":"","protected":false},"author":29,"featured_media":0,"parent":0,"menu_order":0,"comment_status":"closed","ping_status":"closed","template":"","meta":{"_acf_changed":false,"footnotes":""},"folder":[],"acf":[],"yoast_head":"<!-- This site is optimized with the Yoast SEO plugin v22.2 - https:\/\/yoast.com\/wordpress\/plugins\/seo\/ -->\n<title>FAQ | DD Group<\/title>\n<meta name=\"description\" content=\"H\u00e4ufig gestellte Fragen \u00fcber Doppelboden Terrassen, unsere Produkte, Verlegung, Zubeh\u00f6r und vieles mehr, lesen Sie hier!\" \/>\n<meta name=\"robots\" content=\"index, follow, max-snippet:-1, max-image-preview:large, max-video-preview:-1\" \/>\n<link rel=\"canonical\" href=\"https:\/\/ddgro.eu\/de\/faqs\/\" \/>\n<meta property=\"og:locale\" content=\"de_DE\" \/>\n<meta property=\"og:type\" content=\"article\" \/>\n<meta property=\"og:title\" content=\"FAQ | DD Group\" \/>\n<meta property=\"og:description\" content=\"H\u00e4ufig gestellte Fragen \u00fcber Doppelboden Terrassen, unsere Produkte, Verlegung, Zubeh\u00f6r und vieles mehr, lesen Sie hier!\" \/>\n<meta property=\"og:url\" content=\"https:\/\/ddgro.eu\/de\/faqs\/\" \/>\n<meta property=\"og:site_name\" content=\"DD GROUP\" \/>\n<meta property=\"article:publisher\" content=\"https:\/\/www.facebook.com\/ddpedestals\" \/>\n<meta property=\"article:modified_time\" content=\"2024-06-07T11:46:14+00:00\" \/>\n<script type=\"application\/ld+json\" class=\"yoast-schema-graph\">{\"@context\":\"https:\/\/schema.org\",\"@graph\":[{\"@type\":\"WebPage\",\"@id\":\"https:\/\/ddgro.eu\/de\/faqs\/\",\"url\":\"https:\/\/ddgro.eu\/de\/faqs\/\",\"name\":\"FAQ | DD Group\",\"isPartOf\":{\"@id\":\"https:\/\/ddgro.eu\/de\/#website\"},\"datePublished\":\"2024-04-08T20:25:45+00:00\",\"dateModified\":\"2024-06-07T11:46:14+00:00\",\"description\":\"H\u00e4ufig gestellte Fragen \u00fcber Doppelboden Terrassen, unsere Produkte, Verlegung, Zubeh\u00f6r und vieles mehr, lesen Sie hier!\",\"breadcrumb\":{\"@id\":\"https:\/\/ddgro.eu\/de\/faqs\/#breadcrumb\"},\"inLanguage\":\"de-DE\",\"potentialAction\":[{\"@type\":\"ReadAction\",\"target\":[\"https:\/\/ddgro.eu\/de\/faqs\/\"]}]},{\"@type\":\"BreadcrumbList\",\"@id\":\"https:\/\/ddgro.eu\/de\/faqs\/#breadcrumb\",\"itemListElement\":[{\"@type\":\"ListItem\",\"position\":1,\"name\":\"Startseite\",\"item\":\"https:\/\/ddgro.eu\/de\/\"},{\"@type\":\"ListItem\",\"position\":2,\"name\":\"FAQ\"}]},{\"@type\":\"WebSite\",\"@id\":\"https:\/\/ddgro.eu\/de\/#website\",\"url\":\"https:\/\/ddgro.eu\/de\/\",\"name\":\"DD GROUP\",\"description\":\"\",\"publisher\":{\"@id\":\"https:\/\/ddgro.eu\/de\/#organization\"},\"potentialAction\":[{\"@type\":\"SearchAction\",\"target\":{\"@type\":\"EntryPoint\",\"urlTemplate\":\"https:\/\/ddgro.eu\/de\/?s={search_term_string}\"},\"query-input\":\"required name=search_term_string\"}],\"inLanguage\":\"de-DE\"},{\"@type\":\"Organization\",\"@id\":\"https:\/\/ddgro.eu\/de\/#organization\",\"name\":\"Deck-Dry Polska sp. z o.o.\",\"url\":\"https:\/\/ddgro.eu\/de\/\",\"logo\":{\"@type\":\"ImageObject\",\"inLanguage\":\"de-DE\",\"@id\":\"https:\/\/ddgro.eu\/de\/#\/schema\/logo\/image\/\",\"url\":\"https:\/\/ddgro.eu\/wp-content\/uploads\/2018\/05\/logo-nowe-dd.png\",\"contentUrl\":\"https:\/\/ddgro.eu\/wp-content\/uploads\/2018\/05\/logo-nowe-dd.png\",\"width\":\"343\",\"height\":\"72\",\"caption\":\"Deck-Dry Polska sp. z o.o.\"},\"image\":{\"@id\":\"https:\/\/ddgro.eu\/de\/#\/schema\/logo\/image\/\"},\"sameAs\":[\"https:\/\/www.facebook.com\/ddpedestals\",\"https:\/\/www.linkedin.com\/company\/dd-pedestals\/\",\"https:\/\/www.instagram.com\/ddpedestals\/\"]}]}<\/script>\n<!-- \/ Yoast SEO plugin. -->","yoast_head_json":{"title":"FAQ | DD Group","description":"H\u00e4ufig gestellte Fragen \u00fcber Doppelboden Terrassen, unsere Produkte, Verlegung, Zubeh\u00f6r und vieles mehr, lesen Sie hier!","robots":{"index":"index","follow":"follow","max-snippet":"max-snippet:-1","max-image-preview":"max-image-preview:large","max-video-preview":"max-video-preview:-1"},"canonical":"https:\/\/ddgro.eu\/de\/faqs\/","og_locale":"de_DE","og_type":"article","og_title":"FAQ | DD Group","og_description":"H\u00e4ufig gestellte Fragen \u00fcber Doppelboden Terrassen, unsere Produkte, Verlegung, Zubeh\u00f6r und vieles mehr, lesen Sie hier!","og_url":"https:\/\/ddgro.eu\/de\/faqs\/","og_site_name":"DD GROUP","article_publisher":"https:\/\/www.facebook.com\/ddpedestals","article_modified_time":"2024-06-07T11:46:14+00:00","schema":{"@context":"https:\/\/schema.org","@graph":[{"@type":"WebPage","@id":"https:\/\/ddgro.eu\/de\/faqs\/","url":"https:\/\/ddgro.eu\/de\/faqs\/","name":"FAQ | DD Group","isPartOf":{"@id":"https:\/\/ddgro.eu\/de\/#website"},"datePublished":"2024-04-08T20:25:45+00:00","dateModified":"2024-06-07T11:46:14+00:00","description":"H\u00e4ufig gestellte Fragen \u00fcber Doppelboden Terrassen, unsere Produkte, Verlegung, Zubeh\u00f6r und vieles mehr, lesen Sie hier!","breadcrumb":{"@id":"https:\/\/ddgro.eu\/de\/faqs\/#breadcrumb"},"inLanguage":"de-DE","potentialAction":[{"@type":"ReadAction","target":["https:\/\/ddgro.eu\/de\/faqs\/"]}]},{"@type":"BreadcrumbList","@id":"https:\/\/ddgro.eu\/de\/faqs\/#breadcrumb","itemListElement":[{"@type":"ListItem","position":1,"name":"Startseite","item":"https:\/\/ddgro.eu\/de\/"},{"@type":"ListItem","position":2,"name":"FAQ"}]},{"@type":"WebSite","@id":"https:\/\/ddgro.eu\/de\/#website","url":"https:\/\/ddgro.eu\/de\/","name":"DD GROUP","description":"","publisher":{"@id":"https:\/\/ddgro.eu\/de\/#organization"},"potentialAction":[{"@type":"SearchAction","target":{"@type":"EntryPoint","urlTemplate":"https:\/\/ddgro.eu\/de\/?s={search_term_string}"},"query-input":"required name=search_term_string"}],"inLanguage":"de-DE"},{"@type":"Organization","@id":"https:\/\/ddgro.eu\/de\/#organization","name":"Deck-Dry Polska sp. z o.o.","url":"https:\/\/ddgro.eu\/de\/","logo":{"@type":"ImageObject","inLanguage":"de-DE","@id":"https:\/\/ddgro.eu\/de\/#\/schema\/logo\/image\/","url":"https:\/\/ddgro.eu\/wp-content\/uploads\/2018\/05\/logo-nowe-dd.png","contentUrl":"https:\/\/ddgro.eu\/wp-content\/uploads\/2018\/05\/logo-nowe-dd.png","width":"343","height":"72","caption":"Deck-Dry Polska sp. z o.o."},"image":{"@id":"https:\/\/ddgro.eu\/de\/#\/schema\/logo\/image\/"},"sameAs":["https:\/\/www.facebook.com\/ddpedestals","https:\/\/www.linkedin.com\/company\/dd-pedestals\/","https:\/\/www.instagram.com\/ddpedestals\/"]}]}},"_links":{"self":[{"href":"https:\/\/ddgro.eu\/de\/wp-json\/wp\/v2\/pages\/115325"}],"collection":[{"href":"https:\/\/ddgro.eu\/de\/wp-json\/wp\/v2\/pages"}],"about":[{"href":"https:\/\/ddgro.eu\/de\/wp-json\/wp\/v2\/types\/page"}],"author":[{"embeddable":true,"href":"https:\/\/ddgro.eu\/de\/wp-json\/wp\/v2\/users\/29"}],"replies":[{"embeddable":true,"href":"https:\/\/ddgro.eu\/de\/wp-json\/wp\/v2\/comments?post=115325"}],"version-history":[{"count":1,"href":"https:\/\/ddgro.eu\/de\/wp-json\/wp\/v2\/pages\/115325\/revisions"}],"predecessor-version":[{"id":115326,"href":"https:\/\/ddgro.eu\/de\/wp-json\/wp\/v2\/pages\/115325\/revisions\/115326"}],"wp:attachment":[{"href":"https:\/\/ddgro.eu\/de\/wp-json\/wp\/v2\/media?parent=115325"}],"wp:term":[{"taxonomy":"folder","embeddable":true,"href":"https:\/\/ddgro.eu\/de\/wp-json\/wp\/v2\/folder?post=115325"}],"curies":[{"name":"wp","href":"https:\/\/api.w.org\/{rel}","templated":true}]}}